{"id":615,"date":"2022-03-16T15:36:04","date_gmt":"2022-03-16T18:36:04","guid":{"rendered":"https:\/\/unicopas.org.br\/unicopas\/biblioteca\/?post_type=product&#038;p=615"},"modified":"2022-03-30T15:18:42","modified_gmt":"2022-03-30T18:18:42","slug":"agronegocio-agricultura-familiar-e-politica","status":"publish","type":"product","link":"https:\/\/unicopas.org.br\/biblioteca\/produto\/agronegocio-agricultura-familiar-e-politica\/","title":{"rendered":"Agroneg\u00f3cio, Agricultura Familiar e Pol\u00edtica"},"content":{"rendered":"<p>A bibliografia acad\u00eamica vem apresentando um debate no qual nosso rural parece um mundo din\u00e2mico movimentado pelo \u201cconfronto e di\u00e1logo\u201d entre o agroneg\u00f3cio e a agricultura familiar. J\u00e1 se tornou t\u00e3o complexo o mundo rural brasileiro que a estrutura governamental h\u00e1 anos se repartiu, significativamente, em dois minist\u00e9rios, um para cada lado (Minist\u00e9rio da Agricultura e Minist\u00e9rio do Desenvolvimento Agr\u00e1rio).<\/p>\n","protected":false},"excerpt":{"rendered":"<p>J\u00e1 se tornou t\u00e3o complexo o mundo rural brasileiro que a estrutura governamental h\u00e1 anos se repartiu, significativamente, em dois minist\u00e9rios, um para cada lado (Minist\u00e9rio da Agricultura e Minist\u00e9rio do Desenvolvimento Agr\u00e1rio)<\/p>\n","protected":false},"featured_media":616,"comment_status":"open","ping_status":"closed","template":"","meta":{"_coblocks_attr":"","_coblocks_dimensions":"","_coblocks_responsive_height":"","_coblocks_accordion_ie_support":"","site-sidebar-layout":"default","site-content-layout":"default","ast-global-header-display":"","ast-main-header-display":"","ast-hfb-above-header-display":"","ast-hfb-below-header-display":"","ast-hfb-mobile-header-display":"","site-post-title":"","ast-breadcrumbs-content":"","ast-featured-img":"","footer-sml-layout":"","theme-transparent-header-meta":"default","adv-header-id-meta":"","stick-header-meta":"","header-above-stick-meta":"","header-main-stick-meta":"","header-below-stick-meta":""},"product_cat":[65],"product_tag":[62],"class_list":["post-615","product","type-product","status-publish","has-post-thumbnail","hentry","product_cat-artigos-e-dissertacoes","product_tag-agricultura-familiar-e-agroecologia"],"_links":{"self":[{"href":"https:\/\/unicopas.org.br\/biblioteca\/wp-json\/wp\/v2\/product\/615","targetHints":{"allow":["GET"]}}],"collection":[{"href":"https:\/\/unicopas.org.br\/biblioteca\/wp-json\/wp\/v2\/product"}],"about":[{"href":"https:\/\/unicopas.org.br\/biblioteca\/wp-json\/wp\/v2\/types\/product"}],"replies":[{"embeddable":true,"href":"https:\/\/unicopas.org.br\/biblioteca\/wp-json\/wp\/v2\/comments?post=615"}],"wp:featuredmedia":[{"embeddable":true,"href":"https:\/\/unicopas.org.br\/biblioteca\/wp-json\/wp\/v2\/media\/616"}],"wp:attachment":[{"href":"https:\/\/unicopas.org.br\/biblioteca\/wp-json\/wp\/v2\/media?parent=615"}],"wp:term":[{"taxonomy":"product_cat","embeddable":true,"href":"https:\/\/unicopas.org.br\/biblioteca\/wp-json\/wp\/v2\/product_cat?post=615"},{"taxonomy":"product_tag","embeddable":true,"href":"https:\/\/unicopas.org.br\/biblioteca\/wp-json\/wp\/v2\/product_tag?post=615"}],"curies":[{"name":"wp","href":"https:\/\/api.w.org\/{rel}","templated":true}]}}