{"id":613,"date":"2022-03-16T15:28:37","date_gmt":"2022-03-16T18:28:37","guid":{"rendered":"https:\/\/unicopas.org.br\/unicopas\/biblioteca\/?post_type=product&#038;p=613"},"modified":"2022-03-30T15:19:00","modified_gmt":"2022-03-30T18:19:00","slug":"a-uberizacao-da-coleta-seletiva-reflexoes-sobre-as-novas-formas-de-trabalho-na-era-da-economia-digital","status":"publish","type":"product","link":"https:\/\/unicopas.org.br\/biblioteca\/produto\/a-uberizacao-da-coleta-seletiva-reflexoes-sobre-as-novas-formas-de-trabalho-na-era-da-economia-digital\/","title":{"rendered":"A Uberiza\u00e7\u00e3o da Coleta Seletiva: Reflex\u00f5es sobre as Novas Formas de Trabalho na Era da Economia Digital"},"content":{"rendered":"<p>O presente artigo tem por objetivo apresentar reflex\u00f5es sobre as novas formas de trabalho na era da economia digital, mais precisamente, o advento do uso de aplicativos celulares e sua contribui\u00e7\u00e3o para a flexibiliza\u00e7\u00e3o das rela\u00e7\u00f5es de trabalho das catadoras e dos catadores de materiais recicl\u00e1veis pertencentes ao universo da reciclagem de res\u00edduos s\u00f3lidos<\/p>\n","protected":false},"excerpt":{"rendered":"<p>O advento do uso de aplicativos celulares e sua contribui\u00e7\u00e3o para a flexibiliza\u00e7\u00e3o das rela\u00e7\u00f5es de trabalho das catadoras e dos catadores de materiais recicl\u00e1veis pertencentes ao universo da reciclagem de res\u00edduos s\u00f3lidos.<\/p>\n","protected":false},"featured_media":614,"comment_status":"open","ping_status":"closed","template":"","meta":{"_coblocks_attr":"","_coblocks_dimensions":"","_coblocks_responsive_height":"","_coblocks_accordion_ie_support":"","site-sidebar-layout":"default","site-content-layout":"default","ast-global-header-display":"","ast-main-header-display":"","ast-hfb-above-header-display":"","ast-hfb-below-header-display":"","ast-hfb-mobile-header-display":"","site-post-title":"","ast-breadcrumbs-content":"","ast-featured-img":"","footer-sml-layout":"","theme-transparent-header-meta":"default","adv-header-id-meta":"","stick-header-meta":"","header-above-stick-meta":"","header-main-stick-meta":"","header-below-stick-meta":""},"product_cat":[65],"product_tag":[60],"class_list":["post-613","product","type-product","status-publish","has-post-thumbnail","hentry","product_cat-artigos-e-dissertacoes","product_tag-reciclagem-e-residuos-solidos"],"_links":{"self":[{"href":"https:\/\/unicopas.org.br\/biblioteca\/wp-json\/wp\/v2\/product\/613","targetHints":{"allow":["GET"]}}],"collection":[{"href":"https:\/\/unicopas.org.br\/biblioteca\/wp-json\/wp\/v2\/product"}],"about":[{"href":"https:\/\/unicopas.org.br\/biblioteca\/wp-json\/wp\/v2\/types\/product"}],"replies":[{"embeddable":true,"href":"https:\/\/unicopas.org.br\/biblioteca\/wp-json\/wp\/v2\/comments?post=613"}],"wp:featuredmedia":[{"embeddable":true,"href":"https:\/\/unicopas.org.br\/biblioteca\/wp-json\/wp\/v2\/media\/614"}],"wp:attachment":[{"href":"https:\/\/unicopas.org.br\/biblioteca\/wp-json\/wp\/v2\/media?parent=613"}],"wp:term":[{"taxonomy":"product_cat","embeddable":true,"href":"https:\/\/unicopas.org.br\/biblioteca\/wp-json\/wp\/v2\/product_cat?post=613"},{"taxonomy":"product_tag","embeddable":true,"href":"https:\/\/unicopas.org.br\/biblioteca\/wp-json\/wp\/v2\/product_tag?post=613"}],"curies":[{"name":"wp","href":"https:\/\/api.w.org\/{rel}","templated":true}]}}