{"id":610,"date":"2022-03-16T15:22:06","date_gmt":"2022-03-16T18:22:06","guid":{"rendered":"https:\/\/unicopas.org.br\/unicopas\/biblioteca\/?post_type=product&#038;p=610"},"modified":"2022-03-30T15:19:22","modified_gmt":"2022-03-30T18:19:22","slug":"movimentos-sociais-questoes-de-genero-e-educacao-na-experiencia-do-mst-copia","status":"publish","type":"product","link":"https:\/\/unicopas.org.br\/biblioteca\/produto\/movimentos-sociais-questoes-de-genero-e-educacao-na-experiencia-do-mst-copia\/","title":{"rendered":"Princ\u00edpios de Economia Solid\u00e1ria em Cooperativas de Catadores de Res\u00edduos S\u00f3lidos de Maring\u00e1-PR"},"content":{"rendered":"<p style=\"margin: 0cm;\"><strong>Princ\u00edpios de Economia Solid\u00e1ria em Cooperativas de Catadores de Res\u00edduos S\u00f3lidos de Maring\u00e1-PR: Avan\u00e7os e Limita\u00e7\u00f5es<\/strong><\/p>\n<p>&nbsp;<\/p>\n<p style=\"margin: 0cm;\">Em meio ao cen\u00e1rio de <em>multicrises<\/em> para gerar trabalho, renda e bem-estar social para os pobres ou de classe baixa socioeconomicamente, o poder p\u00fablico brasileiro incentivou a cria\u00e7\u00e3o de cooperativas alicer\u00e7adas em princ\u00edpios de Economia Solid\u00e1ria. Apesar da relev\u00e2ncia dessas cooperativas para a sustentabilidade, estas encontram dificuldades para sobreviverem e problemas no alcance desses princ\u00edpios.<\/p>\n","protected":false},"excerpt":{"rendered":"<p>Apesar da relev\u00e2ncia dessas cooperativas para a sustentabilidade, estas encontram dificuldades para sobreviverem e problemas no alcance desses princ\u00edpios<\/p>\n","protected":false},"featured_media":612,"comment_status":"open","ping_status":"closed","template":"","meta":{"_coblocks_attr":"","_coblocks_dimensions":"","_coblocks_responsive_height":"","_coblocks_accordion_ie_support":"","site-sidebar-layout":"default","site-content-layout":"default","ast-global-header-display":"","ast-main-header-display":"","ast-hfb-above-header-display":"","ast-hfb-below-header-display":"","ast-hfb-mobile-header-display":"","site-post-title":"","ast-breadcrumbs-content":"","ast-featured-img":"","footer-sml-layout":"","theme-transparent-header-meta":"default","adv-header-id-meta":"","stick-header-meta":"","header-above-stick-meta":"","header-main-stick-meta":"","header-below-stick-meta":""},"product_cat":[65],"product_tag":[60],"class_list":["post-610","product","type-product","status-publish","has-post-thumbnail","hentry","product_cat-artigos-e-dissertacoes","product_tag-reciclagem-e-residuos-solidos"],"_links":{"self":[{"href":"https:\/\/unicopas.org.br\/biblioteca\/wp-json\/wp\/v2\/product\/610","targetHints":{"allow":["GET"]}}],"collection":[{"href":"https:\/\/unicopas.org.br\/biblioteca\/wp-json\/wp\/v2\/product"}],"about":[{"href":"https:\/\/unicopas.org.br\/biblioteca\/wp-json\/wp\/v2\/types\/product"}],"replies":[{"embeddable":true,"href":"https:\/\/unicopas.org.br\/biblioteca\/wp-json\/wp\/v2\/comments?post=610"}],"wp:featuredmedia":[{"embeddable":true,"href":"https:\/\/unicopas.org.br\/biblioteca\/wp-json\/wp\/v2\/media\/612"}],"wp:attachment":[{"href":"https:\/\/unicopas.org.br\/biblioteca\/wp-json\/wp\/v2\/media?parent=610"}],"wp:term":[{"taxonomy":"product_cat","embeddable":true,"href":"https:\/\/unicopas.org.br\/biblioteca\/wp-json\/wp\/v2\/product_cat?post=610"},{"taxonomy":"product_tag","embeddable":true,"href":"https:\/\/unicopas.org.br\/biblioteca\/wp-json\/wp\/v2\/product_tag?post=610"}],"curies":[{"name":"wp","href":"https:\/\/api.w.org\/{rel}","templated":true}]}}