{"id":602,"date":"2022-03-16T15:00:09","date_gmt":"2022-03-16T18:00:09","guid":{"rendered":"https:\/\/unicopas.org.br\/unicopas\/biblioteca\/?post_type=product&#038;p=602"},"modified":"2022-03-30T15:20:41","modified_gmt":"2022-03-30T18:20:41","slug":"genero-e-acesso-a-politicas-publicas-no-meio-rural-brasileiro","status":"publish","type":"product","link":"https:\/\/unicopas.org.br\/biblioteca\/produto\/genero-e-acesso-a-politicas-publicas-no-meio-rural-brasileiro\/","title":{"rendered":"G\u00eanero e Acesso a Pol\u00edticas P\u00fablicas no Meio Rural Brasileiro"},"content":{"rendered":"<p>Este artigo pretende analisar os avan\u00e7os das pol\u00edticas publicas e os seus impactos sobre as mulheres rurais, bem como sua rela\u00e7\u00e3o com as reivindica\u00e7\u00f5es dos movimentos de mulheres trabalhadoras rurais. O conjunto de pol\u00edticas analisadas abrange tanto aquelas especialmente dirigidas \u00e0s mulheres quanto outras destinadas ao conjunto dos trabalhadores rurais, mas que afetam direta ou indiretamente as trabalhadoras.<\/p>\n","protected":false},"excerpt":{"rendered":"<p>Os avan\u00e7os das pol\u00edticas publicas e os seus impactos sobre as mulheres rurais, bem como sua rela\u00e7\u00e3o com as reivindica\u00e7\u00f5es dos movimentos de mulheres trabalhadoras rurais<\/p>\n","protected":false},"featured_media":637,"comment_status":"open","ping_status":"closed","template":"","meta":{"_coblocks_attr":"","_coblocks_dimensions":"","_coblocks_responsive_height":"","_coblocks_accordion_ie_support":"","site-sidebar-layout":"default","site-content-layout":"default","ast-global-header-display":"","ast-main-header-display":"","ast-hfb-above-header-display":"","ast-hfb-below-header-display":"","ast-hfb-mobile-header-display":"","site-post-title":"","ast-breadcrumbs-content":"","ast-featured-img":"","footer-sml-layout":"","theme-transparent-header-meta":"default","adv-header-id-meta":"","stick-header-meta":"","header-above-stick-meta":"","header-main-stick-meta":"","header-below-stick-meta":""},"product_cat":[65],"product_tag":[19],"class_list":["post-602","product","type-product","status-publish","has-post-thumbnail","hentry","product_cat-artigos-e-dissertacoes","product_tag-mulheres"],"_links":{"self":[{"href":"https:\/\/unicopas.org.br\/biblioteca\/wp-json\/wp\/v2\/product\/602","targetHints":{"allow":["GET"]}}],"collection":[{"href":"https:\/\/unicopas.org.br\/biblioteca\/wp-json\/wp\/v2\/product"}],"about":[{"href":"https:\/\/unicopas.org.br\/biblioteca\/wp-json\/wp\/v2\/types\/product"}],"replies":[{"embeddable":true,"href":"https:\/\/unicopas.org.br\/biblioteca\/wp-json\/wp\/v2\/comments?post=602"}],"wp:featuredmedia":[{"embeddable":true,"href":"https:\/\/unicopas.org.br\/biblioteca\/wp-json\/wp\/v2\/media\/637"}],"wp:attachment":[{"href":"https:\/\/unicopas.org.br\/biblioteca\/wp-json\/wp\/v2\/media?parent=602"}],"wp:term":[{"taxonomy":"product_cat","embeddable":true,"href":"https:\/\/unicopas.org.br\/biblioteca\/wp-json\/wp\/v2\/product_cat?post=602"},{"taxonomy":"product_tag","embeddable":true,"href":"https:\/\/unicopas.org.br\/biblioteca\/wp-json\/wp\/v2\/product_tag?post=602"}],"curies":[{"name":"wp","href":"https:\/\/api.w.org\/{rel}","templated":true}]}}