{"id":589,"date":"2022-03-16T14:14:03","date_gmt":"2022-03-16T17:14:03","guid":{"rendered":"https:\/\/unicopas.org.br\/unicopas\/biblioteca\/?post_type=product&#038;p=589"},"modified":"2024-08-17T16:34:13","modified_gmt":"2024-08-17T19:34:13","slug":"os-caminhos-da-solidariedade-acao-publica-e-economia-solidaria-no-vale-do-ribeira","status":"publish","type":"product","link":"https:\/\/unicopas.org.br\/biblioteca\/produto\/os-caminhos-da-solidariedade-acao-publica-e-economia-solidaria-no-vale-do-ribeira\/","title":{"rendered":"Os Caminhos da Solidariedade: A\u00e7\u00e3o P\u00fablica e Economia Solid\u00e1ria no Vale do Ribeira"},"content":{"rendered":"<p>O presente estudo prop\u00f5e-se a investigar o relacionamento entre sociedade civil e governos subnacionais na forma\u00e7\u00e3o e manuten\u00e7\u00e3o de sistemas econ\u00f4micos alternativos, dentro do mote da economia solid\u00e1ria. Para tanto, realizamos um estudo qualitativo de caso \u00fanico a respeito da cria\u00e7\u00e3o da COOPERCENTRAL VR, uma central de cooperativas da agricultura familiar com 13 organiza\u00e7\u00f5es e cerca de 1.200 fam\u00edlias, criada na regi\u00e3o do Vale do Ribeira paulista, em 2017.<\/p>\n","protected":false},"excerpt":{"rendered":"<p>O presente estudo prop\u00f5e-se a investigar o relacionamento entre sociedade civil e governos subnacionais na forma\u00e7\u00e3o e manuten\u00e7\u00e3o de sistemas econ\u00f4micos alternativos, dentro do mote da economia solid\u00e1ria.<\/p>\n","protected":false},"featured_media":590,"comment_status":"open","ping_status":"closed","template":"","meta":{"_coblocks_attr":"","_coblocks_dimensions":"","_coblocks_responsive_height":"","_coblocks_accordion_ie_support":"","site-sidebar-layout":"default","site-content-layout":"default","ast-global-header-display":"","ast-main-header-display":"","ast-hfb-above-header-display":"","ast-hfb-below-header-display":"","ast-hfb-mobile-header-display":"","site-post-title":"","ast-breadcrumbs-content":"","ast-featured-img":"","footer-sml-layout":"","theme-transparent-header-meta":"default","adv-header-id-meta":"","stick-header-meta":"","header-above-stick-meta":"","header-main-stick-meta":"","header-below-stick-meta":""},"product_cat":[65],"product_tag":[61],"class_list":["post-589","product","type-product","status-publish","has-post-thumbnail","hentry","product_cat-artigos-e-dissertacoes","product_tag-cooperativismo-e-economia-solidaria"],"_links":{"self":[{"href":"https:\/\/unicopas.org.br\/biblioteca\/wp-json\/wp\/v2\/product\/589","targetHints":{"allow":["GET"]}}],"collection":[{"href":"https:\/\/unicopas.org.br\/biblioteca\/wp-json\/wp\/v2\/product"}],"about":[{"href":"https:\/\/unicopas.org.br\/biblioteca\/wp-json\/wp\/v2\/types\/product"}],"replies":[{"embeddable":true,"href":"https:\/\/unicopas.org.br\/biblioteca\/wp-json\/wp\/v2\/comments?post=589"}],"wp:featuredmedia":[{"embeddable":true,"href":"https:\/\/unicopas.org.br\/biblioteca\/wp-json\/wp\/v2\/media\/590"}],"wp:attachment":[{"href":"https:\/\/unicopas.org.br\/biblioteca\/wp-json\/wp\/v2\/media?parent=589"}],"wp:term":[{"taxonomy":"product_cat","embeddable":true,"href":"https:\/\/unicopas.org.br\/biblioteca\/wp-json\/wp\/v2\/product_cat?post=589"},{"taxonomy":"product_tag","embeddable":true,"href":"https:\/\/unicopas.org.br\/biblioteca\/wp-json\/wp\/v2\/product_tag?post=589"}],"curies":[{"name":"wp","href":"https:\/\/api.w.org\/{rel}","templated":true}]}}