{"id":583,"date":"2022-03-16T13:39:52","date_gmt":"2022-03-16T16:39:52","guid":{"rendered":"https:\/\/unicopas.org.br\/unicopas\/biblioteca\/?post_type=product&#038;p=583"},"modified":"2022-03-30T15:22:42","modified_gmt":"2022-03-30T18:22:42","slug":"cooperativismo-e-economia-solidaria-formas-de-organizacao-do-trabalho-de-catacao-em-vitoria-da-conquista-ba","status":"publish","type":"product","link":"https:\/\/unicopas.org.br\/biblioteca\/produto\/cooperativismo-e-economia-solidaria-formas-de-organizacao-do-trabalho-de-catacao-em-vitoria-da-conquista-ba\/","title":{"rendered":"Cooperativismo e Economia Solid\u00e1ria: Formas de Organiza\u00e7\u00e3o do Trabalho de Cata\u00e7\u00e3o em Vit\u00f3ria da Conquista\/BA"},"content":{"rendered":"<p>A organiza\u00e7\u00e3o dos catadores de res\u00edduos s\u00f3lidos em cooperativas\/associa\u00e7\u00f5es, al\u00e9m da renda, podem significar melhores condi\u00e7\u00f5es de trabalho. Entretanto, verifica-se que ainda s\u00e3o muitas as quest\u00f5es que se apresentam como problemas relativos \u00e0 organiza\u00e7\u00e3o dos catadores em empreendimentos econ\u00f4micos solid\u00e1rios.<\/p>\n","protected":false},"excerpt":{"rendered":"<p>A organiza\u00e7\u00e3o dos catadores de res\u00edduos s\u00f3lidos em cooperativas\/associa\u00e7\u00f5es, al\u00e9m da renda, podem significar melhores condi\u00e7\u00f5es de trabalho. Mas ainda h\u00e1 problemas.<\/p>\n","protected":false},"featured_media":584,"comment_status":"open","ping_status":"closed","template":"","meta":{"_coblocks_attr":"","_coblocks_dimensions":"","_coblocks_responsive_height":"","_coblocks_accordion_ie_support":"","site-sidebar-layout":"default","site-content-layout":"default","ast-global-header-display":"","ast-main-header-display":"","ast-hfb-above-header-display":"","ast-hfb-below-header-display":"","ast-hfb-mobile-header-display":"","site-post-title":"","ast-breadcrumbs-content":"","ast-featured-img":"","footer-sml-layout":"","theme-transparent-header-meta":"default","adv-header-id-meta":"","stick-header-meta":"","header-above-stick-meta":"","header-main-stick-meta":"","header-below-stick-meta":""},"product_cat":[65],"product_tag":[60],"class_list":["post-583","product","type-product","status-publish","has-post-thumbnail","hentry","product_cat-artigos-e-dissertacoes","product_tag-reciclagem-e-residuos-solidos"],"_links":{"self":[{"href":"https:\/\/unicopas.org.br\/biblioteca\/wp-json\/wp\/v2\/product\/583","targetHints":{"allow":["GET"]}}],"collection":[{"href":"https:\/\/unicopas.org.br\/biblioteca\/wp-json\/wp\/v2\/product"}],"about":[{"href":"https:\/\/unicopas.org.br\/biblioteca\/wp-json\/wp\/v2\/types\/product"}],"replies":[{"embeddable":true,"href":"https:\/\/unicopas.org.br\/biblioteca\/wp-json\/wp\/v2\/comments?post=583"}],"wp:featuredmedia":[{"embeddable":true,"href":"https:\/\/unicopas.org.br\/biblioteca\/wp-json\/wp\/v2\/media\/584"}],"wp:attachment":[{"href":"https:\/\/unicopas.org.br\/biblioteca\/wp-json\/wp\/v2\/media?parent=583"}],"wp:term":[{"taxonomy":"product_cat","embeddable":true,"href":"https:\/\/unicopas.org.br\/biblioteca\/wp-json\/wp\/v2\/product_cat?post=583"},{"taxonomy":"product_tag","embeddable":true,"href":"https:\/\/unicopas.org.br\/biblioteca\/wp-json\/wp\/v2\/product_tag?post=583"}],"curies":[{"name":"wp","href":"https:\/\/api.w.org\/{rel}","templated":true}]}}