{"id":582,"date":"2022-03-16T13:34:42","date_gmt":"2022-03-16T16:34:42","guid":{"rendered":"https:\/\/unicopas.org.br\/unicopas\/biblioteca\/?post_type=product&#038;p=582"},"modified":"2022-03-30T15:23:01","modified_gmt":"2022-03-30T18:23:01","slug":"analise-do-processo-de-constituicao-e-desestruturacao-da-cooperativa-de-agricultores-assentados-terra-vida","status":"publish","type":"product","link":"https:\/\/unicopas.org.br\/biblioteca\/produto\/analise-do-processo-de-constituicao-e-desestruturacao-da-cooperativa-de-agricultores-assentados-terra-vida\/","title":{"rendered":"An\u00e1lise do processo de constitui\u00e7\u00e3o e desestrutura\u00e7\u00e3o da Cooperativa de Agricultores Assentados Terra Vida"},"content":{"rendered":"<p>Este artigo analisa o processo de constitui\u00e7\u00e3o e desestrutura\u00e7\u00e3o da Cooperativa de produ\u00e7\u00e3o, servi\u00e7os e comercializa\u00e7\u00e3o Terra Vida\/COOPERVIDA, localizada no Assentamento Ceres, munic\u00edpio de J\u00f3ia, Rio Grande do Sul (RS). Esse Assentamento foi formado em 1997, como resultado da compra pelo INCRA da chamada Granja Ceres, considerada altamente especializada na produ\u00e7\u00e3o intensiva de leite<\/p>\n","protected":false},"excerpt":{"rendered":"<p>Este artigo analisa o processo de constitui\u00e7\u00e3o e desestrutura\u00e7\u00e3o da Cooperativa de produ\u00e7\u00e3o, servi\u00e7os e comercializa\u00e7\u00e3o Terra Vida\/COOPERVIDA, localizada no Assentamento Ceres<\/p>\n","protected":false},"featured_media":585,"comment_status":"open","ping_status":"closed","template":"","meta":{"_coblocks_attr":"","_coblocks_dimensions":"","_coblocks_responsive_height":"","_coblocks_accordion_ie_support":"","site-sidebar-layout":"default","site-content-layout":"default","ast-global-header-display":"","ast-main-header-display":"","ast-hfb-above-header-display":"","ast-hfb-below-header-display":"","ast-hfb-mobile-header-display":"","site-post-title":"","ast-breadcrumbs-content":"","ast-featured-img":"","footer-sml-layout":"","theme-transparent-header-meta":"default","adv-header-id-meta":"","stick-header-meta":"","header-above-stick-meta":"","header-main-stick-meta":"","header-below-stick-meta":""},"product_cat":[65],"product_tag":[62],"class_list":["post-582","product","type-product","status-publish","has-post-thumbnail","hentry","product_cat-artigos-e-dissertacoes","product_tag-agricultura-familiar-e-agroecologia"],"_links":{"self":[{"href":"https:\/\/unicopas.org.br\/biblioteca\/wp-json\/wp\/v2\/product\/582","targetHints":{"allow":["GET"]}}],"collection":[{"href":"https:\/\/unicopas.org.br\/biblioteca\/wp-json\/wp\/v2\/product"}],"about":[{"href":"https:\/\/unicopas.org.br\/biblioteca\/wp-json\/wp\/v2\/types\/product"}],"replies":[{"embeddable":true,"href":"https:\/\/unicopas.org.br\/biblioteca\/wp-json\/wp\/v2\/comments?post=582"}],"wp:featuredmedia":[{"embeddable":true,"href":"https:\/\/unicopas.org.br\/biblioteca\/wp-json\/wp\/v2\/media\/585"}],"wp:attachment":[{"href":"https:\/\/unicopas.org.br\/biblioteca\/wp-json\/wp\/v2\/media?parent=582"}],"wp:term":[{"taxonomy":"product_cat","embeddable":true,"href":"https:\/\/unicopas.org.br\/biblioteca\/wp-json\/wp\/v2\/product_cat?post=582"},{"taxonomy":"product_tag","embeddable":true,"href":"https:\/\/unicopas.org.br\/biblioteca\/wp-json\/wp\/v2\/product_tag?post=582"}],"curies":[{"name":"wp","href":"https:\/\/api.w.org\/{rel}","templated":true}]}}