{"id":499,"date":"2022-03-03T22:31:01","date_gmt":"2022-03-04T01:31:01","guid":{"rendered":"https:\/\/unicopas.org.br\/unicopas\/biblioteca\/?post_type=product&#038;p=499"},"modified":"2026-03-13T09:02:44","modified_gmt":"2026-03-13T12:02:44","slug":"folder-unicopas","status":"publish","type":"product","link":"https:\/\/unicopas.org.br\/biblioteca\/produto\/folder-unicopas\/","title":{"rendered":"Folder Unicopas"},"content":{"rendered":"<p><span style=\"font-weight: 400;\">Folder de apresenta\u00e7\u00e3o da Unicopas, contendo imagens informativas, tais como barrado de logos, email para contato, n\u00famero de telefone para contato, p\u00e1gina do Facebook e Instagram, e endere\u00e7o, al\u00e9m de mostrar imagens base para situar acerca do trabalho feito pela ONG, possui tamb\u00e9m uma frase de refer\u00eancia em tr\u00eas l\u00ednguas, sendo elas o portugu\u00eas, ingl\u00eas e espanhol, para melhor entendimento de todos os p\u00fablicos.<br \/>\n<\/span><\/p>\n<p><span style=\"font-weight: 400;\">Folder explicativo acerca da miss\u00e3o, valores e apresenta\u00e7\u00e3o acerca da ONG, Possui a fun\u00e7\u00e3o de mostrar o leitor quais s\u00e3o os objetivos da Unicopas, buscando aproximar o mesmo da ONG contando tamb\u00e9m um pouco da sua hist\u00f3ria e trajet\u00f3ria, por meio de imagens e texto.<\/span><\/p>\n","protected":false},"excerpt":{"rendered":"<p><span style=\"font-weight: 400;\">Folder de apresenta\u00e7\u00e3o da Unicopas. Mostra o leitor quais s\u00e3o os objetivos da Unicopas, conta tamb\u00e9m um pouco da sua hist\u00f3ria e trajet\u00f3ria, apresenta sua miss\u00e3o e valores.<\/span><\/p>\n","protected":false},"featured_media":35925,"comment_status":"open","ping_status":"closed","template":"","meta":{"_coblocks_attr":"","_coblocks_dimensions":"","_coblocks_responsive_height":"","_coblocks_accordion_ie_support":"","site-sidebar-layout":"default","site-content-layout":"default","ast-global-header-display":"","ast-main-header-display":"","ast-hfb-above-header-display":"","ast-hfb-below-header-display":"","ast-hfb-mobile-header-display":"","site-post-title":"","ast-breadcrumbs-content":"","ast-featured-img":"","footer-sml-layout":"","theme-transparent-header-meta":"default","adv-header-id-meta":"","stick-header-meta":"","header-above-stick-meta":"","header-main-stick-meta":"","header-below-stick-meta":""},"product_cat":[64],"product_tag":[73],"class_list":["post-499","product","type-product","status-publish","has-post-thumbnail","hentry","product_cat-materiais","product_tag-unicopas"],"_links":{"self":[{"href":"https:\/\/unicopas.org.br\/biblioteca\/wp-json\/wp\/v2\/product\/499","targetHints":{"allow":["GET"]}}],"collection":[{"href":"https:\/\/unicopas.org.br\/biblioteca\/wp-json\/wp\/v2\/product"}],"about":[{"href":"https:\/\/unicopas.org.br\/biblioteca\/wp-json\/wp\/v2\/types\/product"}],"replies":[{"embeddable":true,"href":"https:\/\/unicopas.org.br\/biblioteca\/wp-json\/wp\/v2\/comments?post=499"}],"wp:featuredmedia":[{"embeddable":true,"href":"https:\/\/unicopas.org.br\/biblioteca\/wp-json\/wp\/v2\/media\/35925"}],"wp:attachment":[{"href":"https:\/\/unicopas.org.br\/biblioteca\/wp-json\/wp\/v2\/media?parent=499"}],"wp:term":[{"taxonomy":"product_cat","embeddable":true,"href":"https:\/\/unicopas.org.br\/biblioteca\/wp-json\/wp\/v2\/product_cat?post=499"},{"taxonomy":"product_tag","embeddable":true,"href":"https:\/\/unicopas.org.br\/biblioteca\/wp-json\/wp\/v2\/product_tag?post=499"}],"curies":[{"name":"wp","href":"https:\/\/api.w.org\/{rel}","templated":true}]}}