{"id":486,"date":"2022-03-03T21:53:33","date_gmt":"2022-03-04T00:53:33","guid":{"rendered":"https:\/\/unicopas.org.br\/unicopas\/biblioteca\/?post_type=product&#038;p=486"},"modified":"2022-03-30T15:24:14","modified_gmt":"2022-03-30T18:24:14","slug":"cooperacao-competicao-e-resistencia-nas-associacoes-de-municipios-a-amnap-e-o-desenvolvimento-regional-da-nova-alta-paulista","status":"publish","type":"product","link":"https:\/\/unicopas.org.br\/biblioteca\/produto\/cooperacao-competicao-e-resistencia-nas-associacoes-de-municipios-a-amnap-e-o-desenvolvimento-regional-da-nova-alta-paulista\/","title":{"rendered":"Coopera\u00e7\u00e3o, competi\u00e7\u00e3o e resist\u00eancia nas associa\u00e7\u00f5es de munic\u00edpios: a AMNAP e o desenvolvimento regional da Nova Alta Paulista"},"content":{"rendered":"<p>As demandas coletivas das comunidades extrapolam a esfera local, promovendo intera\u00e7\u00f5es intermunicipais. Essas intera\u00e7\u00f5es constituem-se em rela\u00e7\u00f5es pol\u00edticas diretamente vinculadas aos governos estadual e federal, com influ\u00eancia direta sobre o desenvolvimento regional.<\/p>\n<p>Uma maneira de as comunidades obterem fortalecimento pol\u00edtico \u00e9 a cria\u00e7\u00e3o de associa\u00e7\u00f5es de munic\u00edpios, composta basicamente por prefeitos, cuja articula\u00e7\u00e3o e reivindica\u00e7\u00e3o em bloco t\u00eam o poder de press\u00e3o sobre parlamentares e governantes. O que buscam \u00e9 a forma\u00e7\u00e3o de territ\u00f3rios que expressem as particularidades regionais.<\/p>\n<p>Essas associa\u00e7\u00f5es, no entanto, apresentam aspectos contradit\u00f3rios, revelando conflitos internos que se manifestam nas rela\u00e7\u00f5es de coopera\u00e7\u00e3o e competi\u00e7\u00e3o, uma vez que o desenvolvimento, espa\u00e7o-temporalmente, se d\u00e1 de modo desigual.<\/p>\n<p>Em regi\u00f5es de desenvolvimento contido, uma caracter\u00edstica marcante na atua\u00e7\u00e3o dessas associa\u00e7\u00f5es \u00e9 a resist\u00eancia que mant\u00eam frente \u00e0s condi\u00e7\u00f5es desfavor\u00e1veis que vivenciam em rela\u00e7\u00e3o \u00e0s regi\u00f5es de maior poder econ\u00f4mico e pol\u00edtico, que det\u00eam a maior parte dos recursos e dos investimentos gerenciados pelos governos centrais.<\/p>\n","protected":false},"excerpt":{"rendered":"<p>Uma caracter\u00edstica marcante na atua\u00e7\u00e3o dessas associa\u00e7\u00f5es \u00e9 a resist\u00eancia que mant\u00eam frente \u00e0s condi\u00e7\u00f5es desfavor\u00e1veis que vivenciam em rela\u00e7\u00e3o \u00e0s regi\u00f5es de maior poder econ\u00f4mico e pol\u00edtico.<\/p>\n","protected":false},"featured_media":487,"comment_status":"open","ping_status":"closed","template":"","meta":{"_coblocks_attr":"","_coblocks_dimensions":"","_coblocks_responsive_height":"","_coblocks_accordion_ie_support":"","site-sidebar-layout":"default","site-content-layout":"default","ast-global-header-display":"","ast-main-header-display":"","ast-hfb-above-header-display":"","ast-hfb-below-header-display":"","ast-hfb-mobile-header-display":"","site-post-title":"","ast-breadcrumbs-content":"","ast-featured-img":"","footer-sml-layout":"","theme-transparent-header-meta":"default","adv-header-id-meta":"","stick-header-meta":"","header-above-stick-meta":"","header-main-stick-meta":"","header-below-stick-meta":""},"product_cat":[65],"product_tag":[61],"class_list":["post-486","product","type-product","status-publish","has-post-thumbnail","hentry","product_cat-artigos-e-dissertacoes","product_tag-cooperativismo-e-economia-solidaria"],"_links":{"self":[{"href":"https:\/\/unicopas.org.br\/biblioteca\/wp-json\/wp\/v2\/product\/486","targetHints":{"allow":["GET"]}}],"collection":[{"href":"https:\/\/unicopas.org.br\/biblioteca\/wp-json\/wp\/v2\/product"}],"about":[{"href":"https:\/\/unicopas.org.br\/biblioteca\/wp-json\/wp\/v2\/types\/product"}],"replies":[{"embeddable":true,"href":"https:\/\/unicopas.org.br\/biblioteca\/wp-json\/wp\/v2\/comments?post=486"}],"wp:featuredmedia":[{"embeddable":true,"href":"https:\/\/unicopas.org.br\/biblioteca\/wp-json\/wp\/v2\/media\/487"}],"wp:attachment":[{"href":"https:\/\/unicopas.org.br\/biblioteca\/wp-json\/wp\/v2\/media?parent=486"}],"wp:term":[{"taxonomy":"product_cat","embeddable":true,"href":"https:\/\/unicopas.org.br\/biblioteca\/wp-json\/wp\/v2\/product_cat?post=486"},{"taxonomy":"product_tag","embeddable":true,"href":"https:\/\/unicopas.org.br\/biblioteca\/wp-json\/wp\/v2\/product_tag?post=486"}],"curies":[{"name":"wp","href":"https:\/\/api.w.org\/{rel}","templated":true}]}}