{"id":36112,"date":"2022-03-31T10:35:18","date_gmt":"2022-03-31T13:35:18","guid":{"rendered":"https:\/\/unicopas.org.br\/biblioteca\/?post_type=product&#038;p=36112"},"modified":"2022-10-04T17:57:02","modified_gmt":"2022-10-04T20:57:02","slug":"plataforma-de_acoes-estrategicas-do-cooperativismo-solidario","status":"publish","type":"product","link":"https:\/\/unicopas.org.br\/biblioteca\/produto\/plataforma-de_acoes-estrategicas-do-cooperativismo-solidario\/","title":{"rendered":"Plataforma de A\u00e7\u00f5es Estrat\u00e9gicas do Cooperativismo Solid\u00e1rio"},"content":{"rendered":"<p>Por um Brasil Sustent\u00e1vel, Cooperativo e Solid\u00e1rio &#8211; O Brasil passa por uma conflu\u00eancia de crises, social, econ\u00f4mica, ambiental, sanit\u00e1ria e de governo, levando o pa\u00eds a uma encruzilhada hist\u00f3rica. As elei\u00e7\u00f5es de 2022 definiram se o pa\u00eds caminha para o aprofundamento da crise democr\u00e1tica, social e econ\u00f4mica ou se retoma o caminho da democracia com desenvolvimento sustent\u00e1vel, cooperativo e solid\u00e1rio, que cumpra o Art. 3 da Constitui\u00e7\u00e3o Federal, eu prev\u00ea: construir uma sociedade livre, justa e solid\u00e1ria; garantir o desenvolvimento nacional; erradicar a pobreza e a marginaliza\u00e7\u00e3o e reduzir as desigualdades sociais e regionais; promover o bem de todos, sem preconceitos de origem, ra\u00e7a, sexo, cor, idade e quaisquer outras formas de discrimina\u00e7\u00e3o.<\/p>\n<p>A UNICOPAS defende um Programa de Reconstru\u00e7\u00e3o Nacional que garanta o direito ao desenvolvimento, como previsto na Resolu\u00e7\u00e3o n. 41\/128 da Assembleia Geral das Na\u00e7\u00f5es Unidas (1986), no Pacto Internacional sobre Direitos Econ\u00f4micos, Sociais e Culturais (PIDESC) e nos Objetivos de Desenvolvimento do Mil\u00eanio (ONU). Nesta Plataforma de a\u00e7\u00f5es, essa organiza\u00e7\u00e3o apresenta um conjunto de propostas do cooperativismo solid\u00e1rio para enfrentar os grandes desafios do pa\u00eds e afirmar o Direito ao Desenvolvimento ao conjunto do povo brasileiro.<\/p>\n","protected":false},"excerpt":{"rendered":"<p>A UNICOPAS defende um Programa de Reconstru\u00e7\u00e3o Nacional que garanta o direito ao desenvolvimento, como previsto na Resolu\u00e7\u00e3o n. 41\/128 da Assembleia Geral das Na\u00e7\u00f5es Unidas (1986), no Pacto Internacional sobre Direitos Econ\u00f4micos, Sociais e Culturais (PIDESC) e nos Objetivos de Desenvolvimento do Mil\u00eanio (ONU). Nesta Plataforma de a\u00e7\u00f5es, essa organiza\u00e7\u00e3o apresenta um conjunto de propostas do cooperativismo solid\u00e1rio para enfrentar os grandes desafios do pa\u00eds e afirmar o Direito ao Desenvolvimento ao conjunto do povo brasileiro.<\/p>\n","protected":false},"featured_media":36294,"comment_status":"open","ping_status":"closed","template":"","meta":{"_coblocks_attr":"","_coblocks_dimensions":"","_coblocks_responsive_height":"","_coblocks_accordion_ie_support":"","site-sidebar-layout":"default","site-content-layout":"default","ast-global-header-display":"","ast-main-header-display":"","ast-hfb-above-header-display":"","ast-hfb-below-header-display":"","ast-hfb-mobile-header-display":"","site-post-title":"","ast-breadcrumbs-content":"","ast-featured-img":"","footer-sml-layout":"","theme-transparent-header-meta":"default","adv-header-id-meta":"","stick-header-meta":"","header-above-stick-meta":"","header-main-stick-meta":"","header-below-stick-meta":""},"product_cat":[64],"product_tag":[61,73],"class_list":["post-36112","product","type-product","status-publish","has-post-thumbnail","hentry","product_cat-materiais","product_tag-cooperativismo-e-economia-solidaria","product_tag-unicopas"],"_links":{"self":[{"href":"https:\/\/unicopas.org.br\/biblioteca\/wp-json\/wp\/v2\/product\/36112","targetHints":{"allow":["GET"]}}],"collection":[{"href":"https:\/\/unicopas.org.br\/biblioteca\/wp-json\/wp\/v2\/product"}],"about":[{"href":"https:\/\/unicopas.org.br\/biblioteca\/wp-json\/wp\/v2\/types\/product"}],"replies":[{"embeddable":true,"href":"https:\/\/unicopas.org.br\/biblioteca\/wp-json\/wp\/v2\/comments?post=36112"}],"wp:featuredmedia":[{"embeddable":true,"href":"https:\/\/unicopas.org.br\/biblioteca\/wp-json\/wp\/v2\/media\/36294"}],"wp:attachment":[{"href":"https:\/\/unicopas.org.br\/biblioteca\/wp-json\/wp\/v2\/media?parent=36112"}],"wp:term":[{"taxonomy":"product_cat","embeddable":true,"href":"https:\/\/unicopas.org.br\/biblioteca\/wp-json\/wp\/v2\/product_cat?post=36112"},{"taxonomy":"product_tag","embeddable":true,"href":"https:\/\/unicopas.org.br\/biblioteca\/wp-json\/wp\/v2\/product_tag?post=36112"}],"curies":[{"name":"wp","href":"https:\/\/api.w.org\/{rel}","templated":true}]}}