{"id":36082,"date":"2022-03-28T11:10:01","date_gmt":"2022-03-28T14:10:01","guid":{"rendered":"https:\/\/unicopas.org.br\/unicopas\/biblioteca\/?post_type=product&#038;p=36082"},"modified":"2022-08-28T18:12:18","modified_gmt":"2022-08-28T21:12:18","slug":"cooperativismo-solidario-e-sustentabilidade-o-futuro-nos-construimos-agora","status":"publish","type":"product","link":"https:\/\/unicopas.org.br\/biblioteca\/produto\/cooperativismo-solidario-e-sustentabilidade-o-futuro-nos-construimos-agora\/","title":{"rendered":"Cooperativismo Solid\u00e1rio e Sustentabilidade: O futuro n\u00f3s constru\u00edmos agora"},"content":{"rendered":"<p>N\u00f3s, das principais centrais do cooperativismo solid\u00e1rio do Brasil \u2013 Unicafes Nacional, Unisol Brasil, Concrab e Unicatadores \u2013, entendemos que h\u00e1 uma grande parte de cooperadas e cooperados que n\u00e3o se sente representada pelo cooperativismo desenvolvido pelo grande capital, que, al\u00e9m disso, n\u00e3o agrega as associa\u00e7\u00f5es. Entendemos que os nossos princ\u00edpios s\u00e3o outros. Somos guiados e orientados pela Economia Solid\u00e1ria porque acreditamos \u2013 e sabemos disso na pr\u00e1tica \u2013 que \u00e9 poss\u00edvel gerar desenvolvimento com sustentabilidade e justi\u00e7a social.<\/p>\n","protected":false},"excerpt":{"rendered":"<p>Somos guiados e orientados pela Economia Solid\u00e1ria porque acreditamos \u2013 e sabemos disso na pr\u00e1tica \u2013 que \u00e9 poss\u00edvel gerar desenvolvimento com sustentabilidade e justi\u00e7a social.<\/p>\n","protected":false},"featured_media":36083,"comment_status":"open","ping_status":"closed","template":"","meta":{"_coblocks_attr":"","_coblocks_dimensions":"","_coblocks_responsive_height":"","_coblocks_accordion_ie_support":"","site-sidebar-layout":"default","site-content-layout":"default","ast-global-header-display":"","ast-main-header-display":"","ast-hfb-above-header-display":"","ast-hfb-below-header-display":"","ast-hfb-mobile-header-display":"","site-post-title":"","ast-breadcrumbs-content":"","ast-featured-img":"","footer-sml-layout":"","theme-transparent-header-meta":"default","adv-header-id-meta":"","stick-header-meta":"","header-above-stick-meta":"","header-main-stick-meta":"","header-below-stick-meta":""},"product_cat":[64],"product_tag":[61,73],"class_list":["post-36082","product","type-product","status-publish","has-post-thumbnail","hentry","product_cat-materiais","product_tag-cooperativismo-e-economia-solidaria","product_tag-unicopas"],"_links":{"self":[{"href":"https:\/\/unicopas.org.br\/biblioteca\/wp-json\/wp\/v2\/product\/36082","targetHints":{"allow":["GET"]}}],"collection":[{"href":"https:\/\/unicopas.org.br\/biblioteca\/wp-json\/wp\/v2\/product"}],"about":[{"href":"https:\/\/unicopas.org.br\/biblioteca\/wp-json\/wp\/v2\/types\/product"}],"replies":[{"embeddable":true,"href":"https:\/\/unicopas.org.br\/biblioteca\/wp-json\/wp\/v2\/comments?post=36082"}],"wp:featuredmedia":[{"embeddable":true,"href":"https:\/\/unicopas.org.br\/biblioteca\/wp-json\/wp\/v2\/media\/36083"}],"wp:attachment":[{"href":"https:\/\/unicopas.org.br\/biblioteca\/wp-json\/wp\/v2\/media?parent=36082"}],"wp:term":[{"taxonomy":"product_cat","embeddable":true,"href":"https:\/\/unicopas.org.br\/biblioteca\/wp-json\/wp\/v2\/product_cat?post=36082"},{"taxonomy":"product_tag","embeddable":true,"href":"https:\/\/unicopas.org.br\/biblioteca\/wp-json\/wp\/v2\/product_tag?post=36082"}],"curies":[{"name":"wp","href":"https:\/\/api.w.org\/{rel}","templated":true}]}}