{"id":35919,"date":"2022-03-24T11:07:12","date_gmt":"2022-03-24T14:07:12","guid":{"rendered":"https:\/\/unicopas.org.br\/unicopas\/biblioteca\/?post_type=product&#038;p=35919"},"modified":"2022-08-28T18:12:40","modified_gmt":"2022-08-28T21:12:40","slug":"folder-unicopas-copia","status":"publish","type":"product","link":"https:\/\/unicopas.org.br\/biblioteca\/produto\/folder-unicopas-copia\/","title":{"rendered":"Folder Trabalho e Renda"},"content":{"rendered":"<p>O cooperativismo e a economia solid\u00e1ria s\u00e3o estrat\u00e9gias capazes de promover a retomada do crescimento e o desenvolvimento do Brasil com sustentabilidade. S\u00e3o ferramentas que possibilitam a cria\u00e7\u00e3o de trabalho digno e decente, com inclus\u00e3o e justi\u00e7a social, gera\u00e7\u00e3o de renda e respeito ao meio ambiente, principalmente \u00e0s popula\u00e7\u00f5es mais vulner\u00e1veis.<\/p>\n<p>A transforma\u00e7\u00e3o e a justi\u00e7a social s\u00f3 ser\u00e3o poss\u00edveis quando o pa\u00eds investir efetivamente em pol\u00edticas p\u00fablicas que promovam e beneficiem o cooperativismo com vi\u00e9s econ\u00f4mico solid\u00e1rio.<\/p>\n","protected":false},"excerpt":{"rendered":"<p>Nosso folder mostra como o cooperativismo e a economia solid\u00e1ria podem ser estrat\u00e9gias para gerar trabalho e renda.<\/p>\n","protected":false},"featured_media":35922,"comment_status":"open","ping_status":"closed","template":"","meta":{"_coblocks_attr":"","_coblocks_dimensions":"","_coblocks_responsive_height":"","_coblocks_accordion_ie_support":"","site-sidebar-layout":"default","site-content-layout":"default","ast-global-header-display":"","ast-main-header-display":"","ast-hfb-above-header-display":"","ast-hfb-below-header-display":"","ast-hfb-mobile-header-display":"","site-post-title":"","ast-breadcrumbs-content":"","ast-featured-img":"","footer-sml-layout":"","theme-transparent-header-meta":"default","adv-header-id-meta":"","stick-header-meta":"","header-above-stick-meta":"","header-main-stick-meta":"","header-below-stick-meta":""},"product_cat":[64],"product_tag":[61,73],"class_list":["post-35919","product","type-product","status-publish","has-post-thumbnail","hentry","product_cat-materiais","product_tag-cooperativismo-e-economia-solidaria","product_tag-unicopas"],"_links":{"self":[{"href":"https:\/\/unicopas.org.br\/biblioteca\/wp-json\/wp\/v2\/product\/35919","targetHints":{"allow":["GET"]}}],"collection":[{"href":"https:\/\/unicopas.org.br\/biblioteca\/wp-json\/wp\/v2\/product"}],"about":[{"href":"https:\/\/unicopas.org.br\/biblioteca\/wp-json\/wp\/v2\/types\/product"}],"replies":[{"embeddable":true,"href":"https:\/\/unicopas.org.br\/biblioteca\/wp-json\/wp\/v2\/comments?post=35919"}],"wp:featuredmedia":[{"embeddable":true,"href":"https:\/\/unicopas.org.br\/biblioteca\/wp-json\/wp\/v2\/media\/35922"}],"wp:attachment":[{"href":"https:\/\/unicopas.org.br\/biblioteca\/wp-json\/wp\/v2\/media?parent=35919"}],"wp:term":[{"taxonomy":"product_cat","embeddable":true,"href":"https:\/\/unicopas.org.br\/biblioteca\/wp-json\/wp\/v2\/product_cat?post=35919"},{"taxonomy":"product_tag","embeddable":true,"href":"https:\/\/unicopas.org.br\/biblioteca\/wp-json\/wp\/v2\/product_tag?post=35919"}],"curies":[{"name":"wp","href":"https:\/\/api.w.org\/{rel}","templated":true}]}}