{"id":330,"date":"2022-03-03T00:17:51","date_gmt":"2022-03-03T03:17:51","guid":{"rendered":"https:\/\/unicopas.org.br\/unicopas\/biblioteca\/?post_type=product&#038;p=330"},"modified":"2022-03-21T22:14:43","modified_gmt":"2022-03-22T01:14:43","slug":"o-cooperativismo-e-a-inclusao-de-pessoas-no-litoral-norte-de-alagoas","status":"publish","type":"product","link":"https:\/\/unicopas.org.br\/biblioteca\/produto\/o-cooperativismo-e-a-inclusao-de-pessoas-no-litoral-norte-de-alagoas\/","title":{"rendered":"O cooperativismo e a inclus\u00e3o de pessoas no litoral norte de Alagoas"},"content":{"rendered":"<p><span style=\"font-weight: 400;\">O COOPERATIVISMO E A INCLUS\u00c3O DE PESSOAS NO LITORAL NORTE\u00a0<\/span><span style=\"font-weight: 400;\">DE ALAGOAS: O ESTUDO DE CASO DA COOPERATIVA DOS AGRICULTORES\u00a0<\/span><span style=\"font-weight: 400;\">QUALIFICADOS &#8211; COOPA<\/span><\/p>\n<p>Trabalho apresentado como requisito parcial para obten\u00e7\u00e3o do t\u00edtulo de Especialista em MBA em Gest\u00e3o do Agroneg\u00f3cio no curso de P\u00f3s-gradua\u00e7\u00e3o MBA em Gest\u00e3o do Agroneg\u00f3cio Departamento de Economia Rural e Extens\u00e3o, Setor de Ci\u00eancias Agr\u00e1rias, Universidade Federal do Paran\u00e1.<\/p>\n<p><span style=\"font-weight: 400;\">Departamento de Economia Rural e <\/span><span style=\"font-weight: 400;\">Extens\u00e3o, Setor de Ci\u00eancias Agr\u00e1rias, <\/span><span style=\"font-weight: 400;\">Universidade Federal do Paran\u00e1.<\/span><\/p>\n","protected":false},"excerpt":{"rendered":"<p>O estudo de caso da cooperativa dos agricultores\u00a0qualificados &#8211; COOPA<\/p>\n","protected":false},"featured_media":434,"comment_status":"open","ping_status":"closed","template":"","meta":{"_coblocks_attr":"","_coblocks_dimensions":"","_coblocks_responsive_height":"","_coblocks_accordion_ie_support":"","site-sidebar-layout":"default","site-content-layout":"default","ast-global-header-display":"","ast-main-header-display":"","ast-hfb-above-header-display":"","ast-hfb-below-header-display":"","ast-hfb-mobile-header-display":"","site-post-title":"","ast-breadcrumbs-content":"","ast-featured-img":"","footer-sml-layout":"","theme-transparent-header-meta":"default","adv-header-id-meta":"","stick-header-meta":"","header-above-stick-meta":"","header-main-stick-meta":"","header-below-stick-meta":""},"product_cat":[65],"product_tag":[62],"class_list":["post-330","product","type-product","status-publish","has-post-thumbnail","hentry","product_cat-artigos-e-dissertacoes","product_tag-agricultura-familiar-e-agroecologia"],"_links":{"self":[{"href":"https:\/\/unicopas.org.br\/biblioteca\/wp-json\/wp\/v2\/product\/330","targetHints":{"allow":["GET"]}}],"collection":[{"href":"https:\/\/unicopas.org.br\/biblioteca\/wp-json\/wp\/v2\/product"}],"about":[{"href":"https:\/\/unicopas.org.br\/biblioteca\/wp-json\/wp\/v2\/types\/product"}],"replies":[{"embeddable":true,"href":"https:\/\/unicopas.org.br\/biblioteca\/wp-json\/wp\/v2\/comments?post=330"}],"wp:featuredmedia":[{"embeddable":true,"href":"https:\/\/unicopas.org.br\/biblioteca\/wp-json\/wp\/v2\/media\/434"}],"wp:attachment":[{"href":"https:\/\/unicopas.org.br\/biblioteca\/wp-json\/wp\/v2\/media?parent=330"}],"wp:term":[{"taxonomy":"product_cat","embeddable":true,"href":"https:\/\/unicopas.org.br\/biblioteca\/wp-json\/wp\/v2\/product_cat?post=330"},{"taxonomy":"product_tag","embeddable":true,"href":"https:\/\/unicopas.org.br\/biblioteca\/wp-json\/wp\/v2\/product_tag?post=330"}],"curies":[{"name":"wp","href":"https:\/\/api.w.org\/{rel}","templated":true}]}}