{"id":327,"date":"2022-03-03T00:09:08","date_gmt":"2022-03-03T03:09:08","guid":{"rendered":"https:\/\/unicopas.org.br\/unicopas\/biblioteca\/?post_type=product&#038;p=327"},"modified":"2022-03-30T15:24:52","modified_gmt":"2022-03-30T18:24:52","slug":"gado-de-leite-assentamentos","status":"publish","type":"product","link":"https:\/\/unicopas.org.br\/biblioteca\/produto\/gado-de-leite-assentamentos\/","title":{"rendered":"Gado de Leite nos Assentamentos da Reforma Agr\u00e1ria"},"content":{"rendered":"<p>A Confedera\u00e7\u00e3o das Cooperativas de Reforma Agr\u00e1ria do Brasil \u2013 CONCRAB, desde a sua funda\u00e7\u00e3o, busca a realiza\u00e7\u00e3o de projetos sociais para a melhoria da qualidade de vida dos trabalhadores e trabalhadoras da Reforma Agr\u00e1ria e da Agricultura Familiar. Um dos v\u00e1rios projetos desenvolvidos \u00e9 o Projeto de Melhoramento Gen\u00e9tico Animal.<\/p>\n","protected":false},"excerpt":{"rendered":"<p>A Confedera\u00e7\u00e3o das Cooperativas de Reforma Agr\u00e1ria do Brasil \u2013 CONCRAB, desde a sua funda\u00e7\u00e3o, busca a realiza\u00e7\u00e3o de projetos sociais para a melhoria da qualidade de vida dos trabalhadores e trabalhadoras da Reforma Agr\u00e1ria e da Agricultura Familiar. Um dos v\u00e1rios projetos desenvolvidos \u00e9 o Projeto de Melhoramento Gen\u00e9tico Animal.<\/p>\n","protected":false},"featured_media":428,"comment_status":"open","ping_status":"closed","template":"","meta":{"_coblocks_attr":"","_coblocks_dimensions":"","_coblocks_responsive_height":"","_coblocks_accordion_ie_support":"","site-sidebar-layout":"default","site-content-layout":"default","ast-global-header-display":"","ast-main-header-display":"","ast-hfb-above-header-display":"","ast-hfb-below-header-display":"","ast-hfb-mobile-header-display":"","site-post-title":"","ast-breadcrumbs-content":"","ast-featured-img":"","footer-sml-layout":"","theme-transparent-header-meta":"default","adv-header-id-meta":"","stick-header-meta":"","header-above-stick-meta":"","header-main-stick-meta":"","header-below-stick-meta":""},"product_cat":[65],"product_tag":[62],"class_list":["post-327","product","type-product","status-publish","has-post-thumbnail","hentry","product_cat-artigos-e-dissertacoes","product_tag-agricultura-familiar-e-agroecologia"],"_links":{"self":[{"href":"https:\/\/unicopas.org.br\/biblioteca\/wp-json\/wp\/v2\/product\/327","targetHints":{"allow":["GET"]}}],"collection":[{"href":"https:\/\/unicopas.org.br\/biblioteca\/wp-json\/wp\/v2\/product"}],"about":[{"href":"https:\/\/unicopas.org.br\/biblioteca\/wp-json\/wp\/v2\/types\/product"}],"replies":[{"embeddable":true,"href":"https:\/\/unicopas.org.br\/biblioteca\/wp-json\/wp\/v2\/comments?post=327"}],"wp:featuredmedia":[{"embeddable":true,"href":"https:\/\/unicopas.org.br\/biblioteca\/wp-json\/wp\/v2\/media\/428"}],"wp:attachment":[{"href":"https:\/\/unicopas.org.br\/biblioteca\/wp-json\/wp\/v2\/media?parent=327"}],"wp:term":[{"taxonomy":"product_cat","embeddable":true,"href":"https:\/\/unicopas.org.br\/biblioteca\/wp-json\/wp\/v2\/product_cat?post=327"},{"taxonomy":"product_tag","embeddable":true,"href":"https:\/\/unicopas.org.br\/biblioteca\/wp-json\/wp\/v2\/product_tag?post=327"}],"curies":[{"name":"wp","href":"https:\/\/api.w.org\/{rel}","templated":true}]}}