{"id":324,"date":"2022-03-03T00:04:43","date_gmt":"2022-03-03T03:04:43","guid":{"rendered":"https:\/\/unicopas.org.br\/unicopas\/biblioteca\/?post_type=product&#038;p=324"},"modified":"2024-11-11T00:43:51","modified_gmt":"2024-11-11T03:43:51","slug":"orientacoes-para-assembleias-das-cooperativas-e-associacoes","status":"publish","type":"product","link":"https:\/\/unicopas.org.br\/biblioteca\/produto\/orientacoes-para-assembleias-das-cooperativas-e-associacoes\/","title":{"rendered":"Orienta\u00e7\u00f5es para Assembleias das Cooperativas e Associa\u00e7\u00f5es"},"content":{"rendered":"<p>Folder de apresenta\u00e7\u00e3o da Unicopas, explicativo acerca da miss\u00e3o, valores e apresenta\u00e7\u00e3o acerca da ONG, tamb\u00e9m em tr\u00eas l\u00ednguas, sendo elas, o Portugu\u00eas, Ingl\u00eas e Espanhol, assim como a capa. Possui a fun\u00e7\u00e3o de mostrar o leitor quais s\u00e3o os objetivos da Unicopas, buscando aproximar o mesmo da ONG contando tamb\u00e9m um pouco da sua hist\u00f3ria e trajet\u00f3ria, por meio de imagens e texto.<\/p>\n","protected":false},"excerpt":{"rendered":"<p>Folder de apresenta\u00e7\u00e3o da Unicopas, explicativo acerca da miss\u00e3o, valores e apresenta\u00e7\u00e3o acerca da ONG, tamb\u00e9m em tr\u00eas l\u00ednguas, sendo elas, o Portugu\u00eas, Ingl\u00eas e Espanhol, assim como a capa. Possui a fun\u00e7\u00e3o de mostrar o leitor quais s\u00e3o os objetivos da Unicopas, buscando aproximar o mesmo da ONG contando tamb\u00e9m um pouco da sua hist\u00f3ria e trajet\u00f3ria, por meio de imagens e texto.<\/p>\n","protected":false},"featured_media":427,"comment_status":"open","ping_status":"closed","template":"","meta":{"_coblocks_attr":"","_coblocks_dimensions":"","_coblocks_responsive_height":"","_coblocks_accordion_ie_support":"","site-sidebar-layout":"default","site-content-layout":"default","ast-global-header-display":"","ast-main-header-display":"","ast-hfb-above-header-display":"","ast-hfb-below-header-display":"","ast-hfb-mobile-header-display":"","site-post-title":"","ast-breadcrumbs-content":"","ast-featured-img":"","footer-sml-layout":"","theme-transparent-header-meta":"default","adv-header-id-meta":"","stick-header-meta":"","header-above-stick-meta":"","header-main-stick-meta":"","header-below-stick-meta":""},"product_cat":[64],"product_tag":[61,73],"class_list":["post-324","product","type-product","status-publish","has-post-thumbnail","hentry","product_cat-materiais","product_tag-cooperativismo-e-economia-solidaria","product_tag-unicopas"],"_links":{"self":[{"href":"https:\/\/unicopas.org.br\/biblioteca\/wp-json\/wp\/v2\/product\/324","targetHints":{"allow":["GET"]}}],"collection":[{"href":"https:\/\/unicopas.org.br\/biblioteca\/wp-json\/wp\/v2\/product"}],"about":[{"href":"https:\/\/unicopas.org.br\/biblioteca\/wp-json\/wp\/v2\/types\/product"}],"replies":[{"embeddable":true,"href":"https:\/\/unicopas.org.br\/biblioteca\/wp-json\/wp\/v2\/comments?post=324"}],"wp:featuredmedia":[{"embeddable":true,"href":"https:\/\/unicopas.org.br\/biblioteca\/wp-json\/wp\/v2\/media\/427"}],"wp:attachment":[{"href":"https:\/\/unicopas.org.br\/biblioteca\/wp-json\/wp\/v2\/media?parent=324"}],"wp:term":[{"taxonomy":"product_cat","embeddable":true,"href":"https:\/\/unicopas.org.br\/biblioteca\/wp-json\/wp\/v2\/product_cat?post=324"},{"taxonomy":"product_tag","embeddable":true,"href":"https:\/\/unicopas.org.br\/biblioteca\/wp-json\/wp\/v2\/product_tag?post=324"}],"curies":[{"name":"wp","href":"https:\/\/api.w.org\/{rel}","templated":true}]}}