{"id":322,"date":"2022-03-03T00:00:40","date_gmt":"2022-03-03T03:00:40","guid":{"rendered":"https:\/\/unicopas.org.br\/unicopas\/biblioteca\/?post_type=product&#038;p=322"},"modified":"2022-03-30T15:25:27","modified_gmt":"2022-03-30T18:25:27","slug":"jornal-unisol-edicao-5","status":"publish","type":"product","link":"https:\/\/unicopas.org.br\/biblioteca\/produto\/jornal-unisol-edicao-5\/","title":{"rendered":"Jornal Unisol Edi\u00e7\u00e3o 5"},"content":{"rendered":"<p>A quinta edi\u00e7\u00e3o do jornal Unisol conta com uma s\u00e9rie de not\u00edcias que visa trazer os principais assuntos da economia solid\u00e1ria, isso em rela\u00e7\u00e3o a \u00e9poca em que foi publicado, no caso outubro de 2010. Essa edi\u00e7\u00e3o conta com not\u00edcias como: \u201cCooperativa Univens entrega cadeia Justa Trama, da Unisol Brasil\u201d, \u201cCatadores recebem apoio da Funasa\u201d, &#8220;Parceria Sebrae e Unisol: Entidades apoiam empreendimentos\u201d, \u201cAssocia\u00e7\u00f5es de turismo fazem parte da Unisol Brasil\u201d, \u201cUnisol Brasil desenvolve projetos e parceria com o instituto Integra\u201d. Tudo isso e muito mais.<\/p>\n","protected":false},"excerpt":{"rendered":"<p>A quinta edi\u00e7\u00e3o do jornal Unisol conta com uma s\u00e9rie de not\u00edcias que visa trazer os principais assuntos da economia solid\u00e1ria, isso em rela\u00e7\u00e3o a \u00e9poca em que foi publicado, no caso outubro de 2010.<\/p>\n","protected":false},"featured_media":323,"comment_status":"open","ping_status":"closed","template":"","meta":{"_coblocks_attr":"","_coblocks_dimensions":"","_coblocks_responsive_height":"","_coblocks_accordion_ie_support":"","site-sidebar-layout":"default","site-content-layout":"default","ast-global-header-display":"","ast-main-header-display":"","ast-hfb-above-header-display":"","ast-hfb-below-header-display":"","ast-hfb-mobile-header-display":"","site-post-title":"","ast-breadcrumbs-content":"","ast-featured-img":"","footer-sml-layout":"","theme-transparent-header-meta":"default","adv-header-id-meta":"","stick-header-meta":"","header-above-stick-meta":"","header-main-stick-meta":"","header-below-stick-meta":""},"product_cat":[63],"product_tag":[61],"class_list":["post-322","product","type-product","status-publish","has-post-thumbnail","hentry","product_cat-jornais-e-revistas","product_tag-cooperativismo-e-economia-solidaria"],"_links":{"self":[{"href":"https:\/\/unicopas.org.br\/biblioteca\/wp-json\/wp\/v2\/product\/322","targetHints":{"allow":["GET"]}}],"collection":[{"href":"https:\/\/unicopas.org.br\/biblioteca\/wp-json\/wp\/v2\/product"}],"about":[{"href":"https:\/\/unicopas.org.br\/biblioteca\/wp-json\/wp\/v2\/types\/product"}],"replies":[{"embeddable":true,"href":"https:\/\/unicopas.org.br\/biblioteca\/wp-json\/wp\/v2\/comments?post=322"}],"wp:featuredmedia":[{"embeddable":true,"href":"https:\/\/unicopas.org.br\/biblioteca\/wp-json\/wp\/v2\/media\/323"}],"wp:attachment":[{"href":"https:\/\/unicopas.org.br\/biblioteca\/wp-json\/wp\/v2\/media?parent=322"}],"wp:term":[{"taxonomy":"product_cat","embeddable":true,"href":"https:\/\/unicopas.org.br\/biblioteca\/wp-json\/wp\/v2\/product_cat?post=322"},{"taxonomy":"product_tag","embeddable":true,"href":"https:\/\/unicopas.org.br\/biblioteca\/wp-json\/wp\/v2\/product_tag?post=322"}],"curies":[{"name":"wp","href":"https:\/\/api.w.org\/{rel}","templated":true}]}}