{"id":317,"date":"2022-03-02T23:54:15","date_gmt":"2022-03-03T02:54:15","guid":{"rendered":"https:\/\/unicopas.org.br\/unicopas\/biblioteca\/?post_type=product&#038;p=317"},"modified":"2022-03-30T15:26:03","modified_gmt":"2022-03-30T18:26:03","slug":"jornal-unisol-edicao-4","status":"publish","type":"product","link":"https:\/\/unicopas.org.br\/biblioteca\/produto\/jornal-unisol-edicao-4\/","title":{"rendered":"Jornal Unisol Edi\u00e7\u00e3o 4"},"content":{"rendered":"<p>A quarta edi\u00e7\u00e3o do jornal Unisol conta com uma s\u00e9rie de not\u00edcias que visa trazer os principais assuntos da economia solid\u00e1ria, isso em rela\u00e7\u00e3o a \u00e9poca em que foi publicado, no caso setembro de 2010. Essa edi\u00e7\u00e3o conta com not\u00edcias como: \u201cNatural Fashion, Cooperativa filiada, \u00e9 exemplo de empreendimento\u201d, \u201cSetorial da alimenta\u00e7\u00e3o realiza encontro em Campina Grande, PB\u201d, \u201cFeira ABC em S\u00e3o Bernardo, SP. Recebe stand da Unisol\u201d, \u201cUnisol Brasil amplia rela\u00e7\u00f5es com italiano\u201d. Tudo isso e muito mais.<\/p>\n","protected":false},"excerpt":{"rendered":"<p>A quarta edi\u00e7\u00e3o do jornal Unisol conta com uma s\u00e9rie de not\u00edcias que visa trazer os principais assuntos da economia solid\u00e1ria, isso em rela\u00e7\u00e3o a \u00e9poca em que foi publicado, no caso setembro de 2010.<\/p>\n","protected":false},"featured_media":320,"comment_status":"open","ping_status":"closed","template":"","meta":{"_coblocks_attr":"","_coblocks_dimensions":"","_coblocks_responsive_height":"","_coblocks_accordion_ie_support":"","site-sidebar-layout":"default","site-content-layout":"default","ast-global-header-display":"","ast-main-header-display":"","ast-hfb-above-header-display":"","ast-hfb-below-header-display":"","ast-hfb-mobile-header-display":"","site-post-title":"","ast-breadcrumbs-content":"","ast-featured-img":"","footer-sml-layout":"","theme-transparent-header-meta":"default","adv-header-id-meta":"","stick-header-meta":"","header-above-stick-meta":"","header-main-stick-meta":"","header-below-stick-meta":""},"product_cat":[63],"product_tag":[61],"class_list":["post-317","product","type-product","status-publish","has-post-thumbnail","hentry","product_cat-jornais-e-revistas","product_tag-cooperativismo-e-economia-solidaria"],"_links":{"self":[{"href":"https:\/\/unicopas.org.br\/biblioteca\/wp-json\/wp\/v2\/product\/317","targetHints":{"allow":["GET"]}}],"collection":[{"href":"https:\/\/unicopas.org.br\/biblioteca\/wp-json\/wp\/v2\/product"}],"about":[{"href":"https:\/\/unicopas.org.br\/biblioteca\/wp-json\/wp\/v2\/types\/product"}],"replies":[{"embeddable":true,"href":"https:\/\/unicopas.org.br\/biblioteca\/wp-json\/wp\/v2\/comments?post=317"}],"wp:featuredmedia":[{"embeddable":true,"href":"https:\/\/unicopas.org.br\/biblioteca\/wp-json\/wp\/v2\/media\/320"}],"wp:attachment":[{"href":"https:\/\/unicopas.org.br\/biblioteca\/wp-json\/wp\/v2\/media?parent=317"}],"wp:term":[{"taxonomy":"product_cat","embeddable":true,"href":"https:\/\/unicopas.org.br\/biblioteca\/wp-json\/wp\/v2\/product_cat?post=317"},{"taxonomy":"product_tag","embeddable":true,"href":"https:\/\/unicopas.org.br\/biblioteca\/wp-json\/wp\/v2\/product_tag?post=317"}],"curies":[{"name":"wp","href":"https:\/\/api.w.org\/{rel}","templated":true}]}}