{"id":316,"date":"2022-03-02T23:53:20","date_gmt":"2022-03-03T02:53:20","guid":{"rendered":"https:\/\/unicopas.org.br\/unicopas\/biblioteca\/?post_type=product&#038;p=316"},"modified":"2022-03-30T15:26:19","modified_gmt":"2022-03-30T18:26:19","slug":"jornal-unisol-edicao-2","status":"publish","type":"product","link":"https:\/\/unicopas.org.br\/biblioteca\/produto\/jornal-unisol-edicao-2\/","title":{"rendered":"Jornal Unisol Edi\u00e7\u00e3o 2"},"content":{"rendered":"<p>A segunda edi\u00e7\u00e3o do jornal Unisol conta com uma s\u00e9rie de not\u00edcias que visa trazer os principais assuntos da economia solid\u00e1ria, isso em rela\u00e7\u00e3o a \u00e9poca em que foi publicado, no caso julho 2010. Essa edi\u00e7\u00e3o conta com not\u00edcias como: \u201cCOOPASUB um exemplo para o cooperativismo brasileiro\u201d, \u201cProjeto Cataforte estimula Economia Solid\u00e1ria\u201d, \u201cFunda\u00e7\u00e3o Banco do Brasil investe em tecnologias sociais no pa\u00eds\u201d. Tudo isso e muito mais.<\/p>\n","protected":false},"excerpt":{"rendered":"<p>A segunda edi\u00e7\u00e3o do jornal Unisol conta com uma s\u00e9rie de not\u00edcias que visa trazer os principais assuntos da economia solid\u00e1ria, isso em rela\u00e7\u00e3o a \u00e9poca em que foi publicado, no caso julho 2010.<\/p>\n","protected":false},"featured_media":313,"comment_status":"open","ping_status":"closed","template":"","meta":{"_coblocks_attr":"","_coblocks_dimensions":"","_coblocks_responsive_height":"","_coblocks_accordion_ie_support":"","site-sidebar-layout":"default","site-content-layout":"default","ast-global-header-display":"","ast-main-header-display":"","ast-hfb-above-header-display":"","ast-hfb-below-header-display":"","ast-hfb-mobile-header-display":"","site-post-title":"","ast-breadcrumbs-content":"","ast-featured-img":"","footer-sml-layout":"","theme-transparent-header-meta":"default","adv-header-id-meta":"","stick-header-meta":"","header-above-stick-meta":"","header-main-stick-meta":"","header-below-stick-meta":""},"product_cat":[63],"product_tag":[61],"class_list":["post-316","product","type-product","status-publish","has-post-thumbnail","hentry","product_cat-jornais-e-revistas","product_tag-cooperativismo-e-economia-solidaria"],"_links":{"self":[{"href":"https:\/\/unicopas.org.br\/biblioteca\/wp-json\/wp\/v2\/product\/316","targetHints":{"allow":["GET"]}}],"collection":[{"href":"https:\/\/unicopas.org.br\/biblioteca\/wp-json\/wp\/v2\/product"}],"about":[{"href":"https:\/\/unicopas.org.br\/biblioteca\/wp-json\/wp\/v2\/types\/product"}],"replies":[{"embeddable":true,"href":"https:\/\/unicopas.org.br\/biblioteca\/wp-json\/wp\/v2\/comments?post=316"}],"wp:featuredmedia":[{"embeddable":true,"href":"https:\/\/unicopas.org.br\/biblioteca\/wp-json\/wp\/v2\/media\/313"}],"wp:attachment":[{"href":"https:\/\/unicopas.org.br\/biblioteca\/wp-json\/wp\/v2\/media?parent=316"}],"wp:term":[{"taxonomy":"product_cat","embeddable":true,"href":"https:\/\/unicopas.org.br\/biblioteca\/wp-json\/wp\/v2\/product_cat?post=316"},{"taxonomy":"product_tag","embeddable":true,"href":"https:\/\/unicopas.org.br\/biblioteca\/wp-json\/wp\/v2\/product_tag?post=316"}],"curies":[{"name":"wp","href":"https:\/\/api.w.org\/{rel}","templated":true}]}}