{"id":308,"date":"2022-03-02T23:36:39","date_gmt":"2022-03-03T02:36:39","guid":{"rendered":"https:\/\/unicopas.org.br\/unicopas\/biblioteca\/?post_type=product&#038;p=308"},"modified":"2022-03-30T15:27:05","modified_gmt":"2022-03-30T18:27:05","slug":"revista-10-anos","status":"publish","type":"product","link":"https:\/\/unicopas.org.br\/biblioteca\/produto\/revista-10-anos\/","title":{"rendered":"Revista comemorativa 10 ano da Unisol"},"content":{"rendered":"<p>A revista conta um pouco da hist\u00f3ria da cria\u00e7\u00e3o da Unisol Brasil. Em meados dos anos 1990, com a grande crise que assolou o Brasil, em es- pecial a regi\u00e3o do ABC Paulista, o Sindicato dos Metal\u00fargicos do ABC, na vanguarda do sindicalismo e preocupado em preservar postos de trabalho e salvaguardar o parque fabril local, enviou t\u00e9cnicos para conhecerem as Cen- trais Sindicais italianas CGIL, CISL, UIL, e os sindicatos metal-mec\u00e2nico FIM, FION, UILM e a LEGACOOP, que havia apoiado iniciativa semelhante ao que resultou na cria\u00e7\u00e3o da UNISOL.<\/p>\n","protected":false},"excerpt":{"rendered":"<p>A revista conta um pouco da hist\u00f3ria da cria\u00e7\u00e3o da Unisol Brasil.<\/p>\n","protected":false},"featured_media":459,"comment_status":"open","ping_status":"closed","template":"","meta":{"_coblocks_attr":"","_coblocks_dimensions":"","_coblocks_responsive_height":"","_coblocks_accordion_ie_support":"","site-sidebar-layout":"default","site-content-layout":"default","ast-global-header-display":"","ast-main-header-display":"","ast-hfb-above-header-display":"","ast-hfb-below-header-display":"","ast-hfb-mobile-header-display":"","site-post-title":"","ast-breadcrumbs-content":"","ast-featured-img":"","footer-sml-layout":"","theme-transparent-header-meta":"default","adv-header-id-meta":"","stick-header-meta":"","header-above-stick-meta":"","header-main-stick-meta":"","header-below-stick-meta":""},"product_cat":[63],"product_tag":[61],"class_list":["post-308","product","type-product","status-publish","has-post-thumbnail","hentry","product_cat-jornais-e-revistas","product_tag-cooperativismo-e-economia-solidaria"],"_links":{"self":[{"href":"https:\/\/unicopas.org.br\/biblioteca\/wp-json\/wp\/v2\/product\/308","targetHints":{"allow":["GET"]}}],"collection":[{"href":"https:\/\/unicopas.org.br\/biblioteca\/wp-json\/wp\/v2\/product"}],"about":[{"href":"https:\/\/unicopas.org.br\/biblioteca\/wp-json\/wp\/v2\/types\/product"}],"replies":[{"embeddable":true,"href":"https:\/\/unicopas.org.br\/biblioteca\/wp-json\/wp\/v2\/comments?post=308"}],"wp:featuredmedia":[{"embeddable":true,"href":"https:\/\/unicopas.org.br\/biblioteca\/wp-json\/wp\/v2\/media\/459"}],"wp:attachment":[{"href":"https:\/\/unicopas.org.br\/biblioteca\/wp-json\/wp\/v2\/media?parent=308"}],"wp:term":[{"taxonomy":"product_cat","embeddable":true,"href":"https:\/\/unicopas.org.br\/biblioteca\/wp-json\/wp\/v2\/product_cat?post=308"},{"taxonomy":"product_tag","embeddable":true,"href":"https:\/\/unicopas.org.br\/biblioteca\/wp-json\/wp\/v2\/product_tag?post=308"}],"curies":[{"name":"wp","href":"https:\/\/api.w.org\/{rel}","templated":true}]}}