{"id":305,"date":"2022-03-02T23:31:50","date_gmt":"2022-03-03T02:31:50","guid":{"rendered":"https:\/\/unicopas.org.br\/unicopas\/biblioteca\/?post_type=product&#038;p=305"},"modified":"2022-03-30T15:27:41","modified_gmt":"2022-03-30T18:27:41","slug":"unisol-curriculo-institucional-2","status":"publish","type":"product","link":"https:\/\/unicopas.org.br\/biblioteca\/produto\/unisol-curriculo-institucional-2\/","title":{"rendered":"UNISOL: Curr\u00edculo Institucional"},"content":{"rendered":"<p>Hoje a UNISOL BRASIL, associa\u00e7\u00e3o representativa sem fins econ\u00f4micos, conta com 1.284 empreendimentos filiados em todo o Brasil, atuando em 11 Setoriais: agricultura familiar; confec\u00e7\u00e3o e t\u00eaxtil; artesanato; constru\u00e7\u00e3o civil; reciclagem; metalurgia e pol\u00edmeros; fruticultura; apicultura; alimenta\u00e7\u00e3o; turismo; e cooperativas sociais.<\/p>\n","protected":false},"excerpt":{"rendered":"<p>Hoje a UNISOL BRASIL, associa\u00e7\u00e3o representativa sem fins econ\u00f4micos, conta com 1.284 empreendimentos filiados em todo o Brasil, atuando em 11 Setoriais: agricultura familiar; confec\u00e7\u00e3o e t\u00eaxtil; artesanato; constru\u00e7\u00e3o civil; reciclagem; metalurgia e pol\u00edmeros; fruticultura; apicultura; alimenta\u00e7\u00e3o; turismo; e cooperativas sociais.<\/p>\n","protected":false},"featured_media":462,"comment_status":"open","ping_status":"closed","template":"","meta":{"_coblocks_attr":"","_coblocks_dimensions":"","_coblocks_responsive_height":"","_coblocks_accordion_ie_support":"","site-sidebar-layout":"default","site-content-layout":"default","ast-global-header-display":"","ast-main-header-display":"","ast-hfb-above-header-display":"","ast-hfb-below-header-display":"","ast-hfb-mobile-header-display":"","site-post-title":"","ast-breadcrumbs-content":"","ast-featured-img":"","footer-sml-layout":"","theme-transparent-header-meta":"default","adv-header-id-meta":"","stick-header-meta":"","header-above-stick-meta":"","header-main-stick-meta":"","header-below-stick-meta":""},"product_cat":[63],"product_tag":[61],"class_list":["post-305","product","type-product","status-publish","has-post-thumbnail","hentry","product_cat-jornais-e-revistas","product_tag-cooperativismo-e-economia-solidaria"],"_links":{"self":[{"href":"https:\/\/unicopas.org.br\/biblioteca\/wp-json\/wp\/v2\/product\/305","targetHints":{"allow":["GET"]}}],"collection":[{"href":"https:\/\/unicopas.org.br\/biblioteca\/wp-json\/wp\/v2\/product"}],"about":[{"href":"https:\/\/unicopas.org.br\/biblioteca\/wp-json\/wp\/v2\/types\/product"}],"replies":[{"embeddable":true,"href":"https:\/\/unicopas.org.br\/biblioteca\/wp-json\/wp\/v2\/comments?post=305"}],"wp:featuredmedia":[{"embeddable":true,"href":"https:\/\/unicopas.org.br\/biblioteca\/wp-json\/wp\/v2\/media\/462"}],"wp:attachment":[{"href":"https:\/\/unicopas.org.br\/biblioteca\/wp-json\/wp\/v2\/media?parent=305"}],"wp:term":[{"taxonomy":"product_cat","embeddable":true,"href":"https:\/\/unicopas.org.br\/biblioteca\/wp-json\/wp\/v2\/product_cat?post=305"},{"taxonomy":"product_tag","embeddable":true,"href":"https:\/\/unicopas.org.br\/biblioteca\/wp-json\/wp\/v2\/product_tag?post=305"}],"curies":[{"name":"wp","href":"https:\/\/api.w.org\/{rel}","templated":true}]}}