{"id":302,"date":"2022-03-02T23:25:01","date_gmt":"2022-03-03T02:25:01","guid":{"rendered":"https:\/\/unicopas.org.br\/unicopas\/biblioteca\/?post_type=product&#038;p=302"},"modified":"2022-03-30T15:28:03","modified_gmt":"2022-03-30T18:28:03","slug":"unisol-curriculo-institucional","status":"publish","type":"product","link":"https:\/\/unicopas.org.br\/biblioteca\/produto\/unisol-curriculo-institucional\/","title":{"rendered":"Revista Azul"},"content":{"rendered":"<p>A UNISOL Brasil, juntamente ao SEBRAE Nacional, apresenta, nas p\u00e1ginas a seguir, o trabalho desenvolvido em conjunto com grandes parceiros ao longo dos \u00faltimos tr\u00eas anos, no \u00e2mbito do Programa de Inclus\u00e3o e Organiza\u00e7\u00e3o Produtiva dos Empreendedores e Cooperados. A UNISOL Brasil \u00e9 a soma dos s\u00f3cios trabalhadores engajados em empreendimentos econ\u00f4micos solid\u00e1rios, apoiados por parceiros p\u00fablicos e privados.<\/p>\n","protected":false},"excerpt":{"rendered":"<p>A UNISOL Brasil \u00e9 a soma dos s\u00f3cios trabalhadores engajados em empreendimentos econ\u00f4micos solid\u00e1rios, apoiados por parceiros p\u00fablicos e privados.<\/p>\n","protected":false},"featured_media":458,"comment_status":"open","ping_status":"closed","template":"","meta":{"_coblocks_attr":"","_coblocks_dimensions":"","_coblocks_responsive_height":"","_coblocks_accordion_ie_support":"","site-sidebar-layout":"default","site-content-layout":"default","ast-global-header-display":"","ast-main-header-display":"","ast-hfb-above-header-display":"","ast-hfb-below-header-display":"","ast-hfb-mobile-header-display":"","site-post-title":"","ast-breadcrumbs-content":"","ast-featured-img":"","footer-sml-layout":"","theme-transparent-header-meta":"default","adv-header-id-meta":"","stick-header-meta":"","header-above-stick-meta":"","header-main-stick-meta":"","header-below-stick-meta":""},"product_cat":[63],"product_tag":[61],"class_list":["post-302","product","type-product","status-publish","has-post-thumbnail","hentry","product_cat-jornais-e-revistas","product_tag-cooperativismo-e-economia-solidaria"],"_links":{"self":[{"href":"https:\/\/unicopas.org.br\/biblioteca\/wp-json\/wp\/v2\/product\/302","targetHints":{"allow":["GET"]}}],"collection":[{"href":"https:\/\/unicopas.org.br\/biblioteca\/wp-json\/wp\/v2\/product"}],"about":[{"href":"https:\/\/unicopas.org.br\/biblioteca\/wp-json\/wp\/v2\/types\/product"}],"replies":[{"embeddable":true,"href":"https:\/\/unicopas.org.br\/biblioteca\/wp-json\/wp\/v2\/comments?post=302"}],"wp:featuredmedia":[{"embeddable":true,"href":"https:\/\/unicopas.org.br\/biblioteca\/wp-json\/wp\/v2\/media\/458"}],"wp:attachment":[{"href":"https:\/\/unicopas.org.br\/biblioteca\/wp-json\/wp\/v2\/media?parent=302"}],"wp:term":[{"taxonomy":"product_cat","embeddable":true,"href":"https:\/\/unicopas.org.br\/biblioteca\/wp-json\/wp\/v2\/product_cat?post=302"},{"taxonomy":"product_tag","embeddable":true,"href":"https:\/\/unicopas.org.br\/biblioteca\/wp-json\/wp\/v2\/product_tag?post=302"}],"curies":[{"name":"wp","href":"https:\/\/api.w.org\/{rel}","templated":true}]}}