{"id":300,"date":"2022-03-02T23:18:49","date_gmt":"2022-03-03T02:18:49","guid":{"rendered":"https:\/\/unicopas.org.br\/unicopas\/biblioteca\/?post_type=product&#038;p=300"},"modified":"2022-03-30T15:28:21","modified_gmt":"2022-03-30T18:28:21","slug":"agroecologia-s-oecologia-soecologia-soberania-alimentar-e-cooperacao","status":"publish","type":"product","link":"https:\/\/unicopas.org.br\/biblioteca\/produto\/agroecologia-s-oecologia-soecologia-soberania-alimentar-e-cooperacao\/","title":{"rendered":"Agroecologia, Soberania Alimentar e Coopera\u00e7\u00e3o"},"content":{"rendered":"<p>Em seus textos, atividades e exerc\u00edcios, este caderno aborda assuntos que fazem parte do nosso dia a dia e das nossas discuss\u00f5es: Agricultura e t\u00e9cnicas agr\u00edcolas; Agroecologia e Soberania Alimentar; Coopera\u00e7\u00e3o e luta. Al\u00e9m disso, ao final do caderno vamos encontrar tr\u00eas textos anexos que poder\u00e3o ser utilizados tanto pelos educadores e educadoras para contribuir no planejamento das aulas, quanto para os educandos e educandas aprimorarem seus estudos.<\/p>\n","protected":false},"excerpt":{"rendered":"<p>Em seus textos, atividades e exerc\u00edcios, este caderno aborda Agricultura e t\u00e9cnicas agr\u00edcolas; Agroecologia e Soberania Alimentar; Coopera\u00e7\u00e3o e luta.<\/p>\n","protected":false},"featured_media":429,"comment_status":"open","ping_status":"closed","template":"","meta":{"_coblocks_attr":"","_coblocks_dimensions":"","_coblocks_responsive_height":"","_coblocks_accordion_ie_support":"","site-sidebar-layout":"default","site-content-layout":"default","ast-global-header-display":"","ast-main-header-display":"","ast-hfb-above-header-display":"","ast-hfb-below-header-display":"","ast-hfb-mobile-header-display":"","site-post-title":"","ast-breadcrumbs-content":"","ast-featured-img":"","footer-sml-layout":"","theme-transparent-header-meta":"default","adv-header-id-meta":"","stick-header-meta":"","header-above-stick-meta":"","header-main-stick-meta":"","header-below-stick-meta":""},"product_cat":[18],"product_tag":[62],"class_list":["post-300","product","type-product","status-publish","has-post-thumbnail","hentry","product_cat-publi","product_tag-agricultura-familiar-e-agroecologia"],"_links":{"self":[{"href":"https:\/\/unicopas.org.br\/biblioteca\/wp-json\/wp\/v2\/product\/300","targetHints":{"allow":["GET"]}}],"collection":[{"href":"https:\/\/unicopas.org.br\/biblioteca\/wp-json\/wp\/v2\/product"}],"about":[{"href":"https:\/\/unicopas.org.br\/biblioteca\/wp-json\/wp\/v2\/types\/product"}],"replies":[{"embeddable":true,"href":"https:\/\/unicopas.org.br\/biblioteca\/wp-json\/wp\/v2\/comments?post=300"}],"wp:featuredmedia":[{"embeddable":true,"href":"https:\/\/unicopas.org.br\/biblioteca\/wp-json\/wp\/v2\/media\/429"}],"wp:attachment":[{"href":"https:\/\/unicopas.org.br\/biblioteca\/wp-json\/wp\/v2\/media?parent=300"}],"wp:term":[{"taxonomy":"product_cat","embeddable":true,"href":"https:\/\/unicopas.org.br\/biblioteca\/wp-json\/wp\/v2\/product_cat?post=300"},{"taxonomy":"product_tag","embeddable":true,"href":"https:\/\/unicopas.org.br\/biblioteca\/wp-json\/wp\/v2\/product_tag?post=300"}],"curies":[{"name":"wp","href":"https:\/\/api.w.org\/{rel}","templated":true}]}}