{"id":296,"date":"2022-03-02T23:11:18","date_gmt":"2022-03-03T02:11:18","guid":{"rendered":"https:\/\/unicopas.org.br\/unicopas\/biblioteca\/?post_type=product&#038;p=296"},"modified":"2022-03-30T15:28:39","modified_gmt":"2022-03-30T18:28:39","slug":"soberania-e-seguranca-alimentar-na-construcao-da-agroecologia","status":"publish","type":"product","link":"https:\/\/unicopas.org.br\/biblioteca\/produto\/soberania-e-seguranca-alimentar-na-construcao-da-agroecologia\/","title":{"rendered":"Soberania e Seguran\u00e7a Alimentar na Constru\u00e7\u00e3o da Agroecologia"},"content":{"rendered":"<p>O alimento, como um dos principais mediadores da rela\u00e7\u00e3o do ser humano com a natureza, agrega dimens\u00f5es que v\u00e3o muito al\u00e9m de um produzir para comer. A primeira quest\u00e3o a ser levantada \u00e9 produzir como? Que rela\u00e7\u00f5es estabelecemos com a natureza neste processo de produ\u00e7\u00e3o de alimentos?<\/p>\n","protected":false},"excerpt":{"rendered":"<p>O alimento, como um dos principais mediadores da rela\u00e7\u00e3o do ser humano com a natureza, agrega dimens\u00f5es que v\u00e3o muito al\u00e9m de um produzir para comer. A primeira quest\u00e3o a ser levantada \u00e9 produzir como? Que rela\u00e7\u00f5es estabelecemos com a natureza neste processo de produ\u00e7\u00e3o de alimentos?<\/p>\n","protected":false},"featured_media":432,"comment_status":"open","ping_status":"closed","template":"","meta":{"_coblocks_attr":"","_coblocks_dimensions":"","_coblocks_responsive_height":"","_coblocks_accordion_ie_support":"","site-sidebar-layout":"default","site-content-layout":"default","ast-global-header-display":"","ast-main-header-display":"","ast-hfb-above-header-display":"","ast-hfb-below-header-display":"","ast-hfb-mobile-header-display":"","site-post-title":"","ast-breadcrumbs-content":"","ast-featured-img":"","footer-sml-layout":"","theme-transparent-header-meta":"default","adv-header-id-meta":"","stick-header-meta":"","header-above-stick-meta":"","header-main-stick-meta":"","header-below-stick-meta":""},"product_cat":[18],"product_tag":[62],"class_list":["post-296","product","type-product","status-publish","has-post-thumbnail","hentry","product_cat-publi","product_tag-agricultura-familiar-e-agroecologia"],"_links":{"self":[{"href":"https:\/\/unicopas.org.br\/biblioteca\/wp-json\/wp\/v2\/product\/296","targetHints":{"allow":["GET"]}}],"collection":[{"href":"https:\/\/unicopas.org.br\/biblioteca\/wp-json\/wp\/v2\/product"}],"about":[{"href":"https:\/\/unicopas.org.br\/biblioteca\/wp-json\/wp\/v2\/types\/product"}],"replies":[{"embeddable":true,"href":"https:\/\/unicopas.org.br\/biblioteca\/wp-json\/wp\/v2\/comments?post=296"}],"wp:featuredmedia":[{"embeddable":true,"href":"https:\/\/unicopas.org.br\/biblioteca\/wp-json\/wp\/v2\/media\/432"}],"wp:attachment":[{"href":"https:\/\/unicopas.org.br\/biblioteca\/wp-json\/wp\/v2\/media?parent=296"}],"wp:term":[{"taxonomy":"product_cat","embeddable":true,"href":"https:\/\/unicopas.org.br\/biblioteca\/wp-json\/wp\/v2\/product_cat?post=296"},{"taxonomy":"product_tag","embeddable":true,"href":"https:\/\/unicopas.org.br\/biblioteca\/wp-json\/wp\/v2\/product_tag?post=296"}],"curies":[{"name":"wp","href":"https:\/\/api.w.org\/{rel}","templated":true}]}}