{"id":291,"date":"2022-03-02T22:59:09","date_gmt":"2022-03-03T01:59:09","guid":{"rendered":"https:\/\/unicopas.org.br\/unicopas\/biblioteca\/?post_type=product&#038;p=291"},"modified":"2022-03-30T15:28:58","modified_gmt":"2022-03-30T18:28:58","slug":"construcao-do-conhecimento-agroecologico-novos-papeis-novas-identidade","status":"publish","type":"product","link":"https:\/\/unicopas.org.br\/biblioteca\/produto\/construcao-do-conhecimento-agroecologico-novos-papeis-novas-identidade\/","title":{"rendered":"Constru\u00e7\u00e3o do Conhecimento Agroecol\u00f3gico: Novos Pap\u00e9is, Novas Identidade"},"content":{"rendered":"<p><span style=\"font-weight: 400;\">As profundas transforma\u00e7\u00f5es ocorridas na agricultura brasileira a\u00a0<\/span><span style=\"font-weight: 400;\">partir da d\u00e9cada de 1960 foram promovidas pelo Estado por meio de\u00a0<\/span><span style=\"font-weight: 400;\">um amplo e integrado conjunto de pol\u00edticas indutoras e instrumentos\u00a0<\/span><span style=\"font-weight: 400;\">de regula\u00e7\u00e3o social. Coube \u00e0s institui\u00e7\u00f5es oficiais de ensino, pesquisa e\u00a0<\/span><span style=\"font-weight: 400;\">extens\u00e3o rural um papel preponderante nesse processo.<\/span><\/p>\n","protected":false},"excerpt":{"rendered":"<p><span style=\"font-weight: 400;\">As profundas transforma\u00e7\u00f5es ocorridas na agricultura brasileira a\u00a0<\/span><span style=\"font-weight: 400;\">partir da d\u00e9cada de 1960 foram promovidas pelo Estado por meio de\u00a0<\/span><span style=\"font-weight: 400;\">um amplo e integrado conjunto de pol\u00edticas indutoras e instrumentos\u00a0<\/span><span style=\"font-weight: 400;\">de regula\u00e7\u00e3o social. Coube \u00e0s institui\u00e7\u00f5es oficiais de ensino, pesquisa e\u00a0<\/span><span style=\"font-weight: 400;\">extens\u00e3o rural um papel preponderante nesse processo.<\/span><\/p>\n","protected":false},"featured_media":442,"comment_status":"open","ping_status":"closed","template":"","meta":{"_coblocks_attr":"","_coblocks_dimensions":"","_coblocks_responsive_height":"","_coblocks_accordion_ie_support":"","site-sidebar-layout":"default","site-content-layout":"default","ast-global-header-display":"","ast-main-header-display":"","ast-hfb-above-header-display":"","ast-hfb-below-header-display":"","ast-hfb-mobile-header-display":"","site-post-title":"","ast-breadcrumbs-content":"","ast-featured-img":"","footer-sml-layout":"","theme-transparent-header-meta":"default","adv-header-id-meta":"","stick-header-meta":"","header-above-stick-meta":"","header-main-stick-meta":"","header-below-stick-meta":""},"product_cat":[18],"product_tag":[62],"class_list":["post-291","product","type-product","status-publish","has-post-thumbnail","hentry","product_cat-publi","product_tag-agricultura-familiar-e-agroecologia"],"_links":{"self":[{"href":"https:\/\/unicopas.org.br\/biblioteca\/wp-json\/wp\/v2\/product\/291","targetHints":{"allow":["GET"]}}],"collection":[{"href":"https:\/\/unicopas.org.br\/biblioteca\/wp-json\/wp\/v2\/product"}],"about":[{"href":"https:\/\/unicopas.org.br\/biblioteca\/wp-json\/wp\/v2\/types\/product"}],"replies":[{"embeddable":true,"href":"https:\/\/unicopas.org.br\/biblioteca\/wp-json\/wp\/v2\/comments?post=291"}],"wp:featuredmedia":[{"embeddable":true,"href":"https:\/\/unicopas.org.br\/biblioteca\/wp-json\/wp\/v2\/media\/442"}],"wp:attachment":[{"href":"https:\/\/unicopas.org.br\/biblioteca\/wp-json\/wp\/v2\/media?parent=291"}],"wp:term":[{"taxonomy":"product_cat","embeddable":true,"href":"https:\/\/unicopas.org.br\/biblioteca\/wp-json\/wp\/v2\/product_cat?post=291"},{"taxonomy":"product_tag","embeddable":true,"href":"https:\/\/unicopas.org.br\/biblioteca\/wp-json\/wp\/v2\/product_tag?post=291"}],"curies":[{"name":"wp","href":"https:\/\/api.w.org\/{rel}","templated":true}]}}