{"id":289,"date":"2022-03-02T22:54:38","date_gmt":"2022-03-03T01:54:38","guid":{"rendered":"https:\/\/unicopas.org.br\/unicopas\/biblioteca\/?post_type=product&#038;p=289"},"modified":"2022-03-30T15:29:16","modified_gmt":"2022-03-30T18:29:16","slug":"agricultura-familiar-agroecologia-e-agrocombustiveis","status":"publish","type":"product","link":"https:\/\/unicopas.org.br\/biblioteca\/produto\/agricultura-familiar-agroecologia-e-agrocombustiveis\/","title":{"rendered":"Agricultura Familiar, Agroecologia e Agrocombust\u00edveis"},"content":{"rendered":"<p><span style=\"font-weight: 400;\">Este artigo apresenta informa\u00e7\u00f5es levantadas junto \u00e0 rede de inte<\/span><span style=\"font-weight: 400;\">ra\u00e7\u00e3o social da Cooperativa Grande Sert\u00e3o sobre a experi\u00eancia de Participa\u00e7\u00e3o no Programa Nacional de Produ\u00e7\u00e3o e Uso de Biodiesel (PNPB).\u00a0<\/span><span style=\"font-weight: 400;\">Para a sua elabora\u00e7\u00e3o, al\u00e9m da pesquisa documental, foram realizadas\u00a0<\/span><span style=\"font-weight: 400;\">entrevistas com agricultores, agricultores-mobilizadores e t\u00e9cnicos in<\/span><span style=\"font-weight: 400;\">seridos na rede sociot\u00e9cnica da Cooperativa.<\/span><\/p>\n","protected":false},"excerpt":{"rendered":"<p><span style=\"font-weight: 400;\">Al\u00e9m da pesquisa documental, foram realizadas <\/span><span style=\"font-weight: 400;\">entrevistas com agricultores, agricultores-mobilizadores e t\u00e9cnicos in<\/span><span style=\"font-weight: 400;\">seridos na rede sociot\u00e9cnica da Cooperativa.<\/span><\/p>\n","protected":false},"featured_media":629,"comment_status":"open","ping_status":"closed","template":"","meta":{"_coblocks_attr":"","_coblocks_dimensions":"","_coblocks_responsive_height":"","_coblocks_accordion_ie_support":"","site-sidebar-layout":"default","site-content-layout":"default","ast-global-header-display":"","ast-main-header-display":"","ast-hfb-above-header-display":"","ast-hfb-below-header-display":"","ast-hfb-mobile-header-display":"","site-post-title":"","ast-breadcrumbs-content":"","ast-featured-img":"","footer-sml-layout":"","theme-transparent-header-meta":"default","adv-header-id-meta":"","stick-header-meta":"","header-above-stick-meta":"","header-main-stick-meta":"","header-below-stick-meta":""},"product_cat":[18],"product_tag":[62],"class_list":["post-289","product","type-product","status-publish","has-post-thumbnail","hentry","product_cat-publi","product_tag-agricultura-familiar-e-agroecologia"],"_links":{"self":[{"href":"https:\/\/unicopas.org.br\/biblioteca\/wp-json\/wp\/v2\/product\/289","targetHints":{"allow":["GET"]}}],"collection":[{"href":"https:\/\/unicopas.org.br\/biblioteca\/wp-json\/wp\/v2\/product"}],"about":[{"href":"https:\/\/unicopas.org.br\/biblioteca\/wp-json\/wp\/v2\/types\/product"}],"replies":[{"embeddable":true,"href":"https:\/\/unicopas.org.br\/biblioteca\/wp-json\/wp\/v2\/comments?post=289"}],"wp:featuredmedia":[{"embeddable":true,"href":"https:\/\/unicopas.org.br\/biblioteca\/wp-json\/wp\/v2\/media\/629"}],"wp:attachment":[{"href":"https:\/\/unicopas.org.br\/biblioteca\/wp-json\/wp\/v2\/media?parent=289"}],"wp:term":[{"taxonomy":"product_cat","embeddable":true,"href":"https:\/\/unicopas.org.br\/biblioteca\/wp-json\/wp\/v2\/product_cat?post=289"},{"taxonomy":"product_tag","embeddable":true,"href":"https:\/\/unicopas.org.br\/biblioteca\/wp-json\/wp\/v2\/product_tag?post=289"}],"curies":[{"name":"wp","href":"https:\/\/api.w.org\/{rel}","templated":true}]}}