{"id":287,"date":"2022-03-02T22:48:43","date_gmt":"2022-03-03T01:48:43","guid":{"rendered":"https:\/\/unicopas.org.br\/unicopas\/biblioteca\/?post_type=product&#038;p=287"},"modified":"2024-07-08T10:25:05","modified_gmt":"2024-07-08T13:25:05","slug":"agroecologia-e-o-direito-humano-a-alimentacao-adequada","status":"publish","type":"product","link":"https:\/\/unicopas.org.br\/biblioteca\/produto\/agroecologia-e-o-direito-humano-a-alimentacao-adequada\/","title":{"rendered":"Agroecologia e o Direito Humano \u00e0 Alimenta\u00e7\u00e3o Adequada"},"content":{"rendered":"<p><span style=\"font-weight: 400;\">O reinvestimento na agricultura, desencadeado pela crise no pre\u00e7o dos alimentos de 2008, \u00e9 essencial para a plena realiza\u00e7\u00e3o do direito \u00e0 alimenta\u00e7\u00e3o. Entretanto, em um contexto de crises ecol\u00f3gicas, alimentares e energ\u00e9ticas, a quest\u00e3o mais premente relativa ao reinvestimento n\u00e3o \u00e9 o \u201cquanto\u201d, mas o \u201ccomo\u201d. <\/span><\/p>\n","protected":false},"excerpt":{"rendered":"<p><span style=\"font-weight: 400;\">O reinvestimento na agricultura, desencadeado pela crise no pre\u00e7o dos alimentos de 2008, \u00e9 essencial para a plena realiza\u00e7\u00e3o do direito \u00e0 alimenta\u00e7\u00e3o. <\/span><\/p>\n","protected":false},"featured_media":436,"comment_status":"open","ping_status":"closed","template":"","meta":{"_coblocks_attr":"","_coblocks_dimensions":"","_coblocks_responsive_height":"","_coblocks_accordion_ie_support":"","site-sidebar-layout":"default","site-content-layout":"default","ast-global-header-display":"","ast-main-header-display":"","ast-hfb-above-header-display":"","ast-hfb-below-header-display":"","ast-hfb-mobile-header-display":"","site-post-title":"","ast-breadcrumbs-content":"","ast-featured-img":"","footer-sml-layout":"","theme-transparent-header-meta":"default","adv-header-id-meta":"","stick-header-meta":"","header-above-stick-meta":"","header-main-stick-meta":"","header-below-stick-meta":""},"product_cat":[18],"product_tag":[62],"class_list":["post-287","product","type-product","status-publish","has-post-thumbnail","hentry","product_cat-publi","product_tag-agricultura-familiar-e-agroecologia"],"_links":{"self":[{"href":"https:\/\/unicopas.org.br\/biblioteca\/wp-json\/wp\/v2\/product\/287","targetHints":{"allow":["GET"]}}],"collection":[{"href":"https:\/\/unicopas.org.br\/biblioteca\/wp-json\/wp\/v2\/product"}],"about":[{"href":"https:\/\/unicopas.org.br\/biblioteca\/wp-json\/wp\/v2\/types\/product"}],"replies":[{"embeddable":true,"href":"https:\/\/unicopas.org.br\/biblioteca\/wp-json\/wp\/v2\/comments?post=287"}],"wp:featuredmedia":[{"embeddable":true,"href":"https:\/\/unicopas.org.br\/biblioteca\/wp-json\/wp\/v2\/media\/436"}],"wp:attachment":[{"href":"https:\/\/unicopas.org.br\/biblioteca\/wp-json\/wp\/v2\/media?parent=287"}],"wp:term":[{"taxonomy":"product_cat","embeddable":true,"href":"https:\/\/unicopas.org.br\/biblioteca\/wp-json\/wp\/v2\/product_cat?post=287"},{"taxonomy":"product_tag","embeddable":true,"href":"https:\/\/unicopas.org.br\/biblioteca\/wp-json\/wp\/v2\/product_tag?post=287"}],"curies":[{"name":"wp","href":"https:\/\/api.w.org\/{rel}","templated":true}]}}