{"id":285,"date":"2022-03-02T22:28:38","date_gmt":"2022-03-03T01:28:38","guid":{"rendered":"https:\/\/unicopas.org.br\/unicopas\/biblioteca\/?post_type=product&#038;p=285"},"modified":"2022-03-30T15:29:57","modified_gmt":"2022-03-30T18:29:57","slug":"cooperativismo-solidario-em-tempos-de-crise","status":"publish","type":"product","link":"https:\/\/unicopas.org.br\/biblioteca\/produto\/cooperativismo-solidario-em-tempos-de-crise\/","title":{"rendered":"Empresas recuperadas por trabalhadores e trabalhadoras: Cooperativismo Solid\u00e1rio em Tempos de Crise"},"content":{"rendered":"<p>A busca pela garantia de trabalho digno e qualidade de vida re\u00fane trabalhadores e trabalhadoras, sindicatos e associa\u00e7\u00f5es. Para todos, h\u00e1 a preocupa\u00e7\u00e3o de que uma crise econ\u00f4mica, a m\u00e1 gest\u00e3o de um patr\u00e3o, desinteresse do empres\u00e1rio pelo neg\u00f3cio, ou mesmo uma decis\u00e3o arbitr\u00e1ria de uma diretoria de empresa possa gerar demiss\u00f5es em massa, desemprego e precariza\u00e7\u00e3o do trabalho.<\/p>\n","protected":false},"excerpt":{"rendered":"<p>Para todos, h\u00e1 a preocupa\u00e7\u00e3o de que uma crise econ\u00f4mica, a m\u00e1 gest\u00e3o de um patr\u00e3o, desinteresse do empres\u00e1rio pelo neg\u00f3cio, ou mesmo uma decis\u00e3o arbitr\u00e1ria de uma diretoria de empresa possa gerar demiss\u00f5es em massa, desemprego e precariza\u00e7\u00e3o do trabalho.<\/p>\n","protected":false},"featured_media":449,"comment_status":"open","ping_status":"closed","template":"","meta":{"_coblocks_attr":"","_coblocks_dimensions":"","_coblocks_responsive_height":"","_coblocks_accordion_ie_support":"","site-sidebar-layout":"default","site-content-layout":"default","ast-global-header-display":"","ast-main-header-display":"","ast-hfb-above-header-display":"","ast-hfb-below-header-display":"","ast-hfb-mobile-header-display":"","site-post-title":"","ast-breadcrumbs-content":"","ast-featured-img":"","footer-sml-layout":"","theme-transparent-header-meta":"default","adv-header-id-meta":"","stick-header-meta":"","header-above-stick-meta":"","header-main-stick-meta":"","header-below-stick-meta":""},"product_cat":[18],"product_tag":[61],"class_list":["post-285","product","type-product","status-publish","has-post-thumbnail","hentry","product_cat-publi","product_tag-cooperativismo-e-economia-solidaria"],"_links":{"self":[{"href":"https:\/\/unicopas.org.br\/biblioteca\/wp-json\/wp\/v2\/product\/285","targetHints":{"allow":["GET"]}}],"collection":[{"href":"https:\/\/unicopas.org.br\/biblioteca\/wp-json\/wp\/v2\/product"}],"about":[{"href":"https:\/\/unicopas.org.br\/biblioteca\/wp-json\/wp\/v2\/types\/product"}],"replies":[{"embeddable":true,"href":"https:\/\/unicopas.org.br\/biblioteca\/wp-json\/wp\/v2\/comments?post=285"}],"wp:featuredmedia":[{"embeddable":true,"href":"https:\/\/unicopas.org.br\/biblioteca\/wp-json\/wp\/v2\/media\/449"}],"wp:attachment":[{"href":"https:\/\/unicopas.org.br\/biblioteca\/wp-json\/wp\/v2\/media?parent=285"}],"wp:term":[{"taxonomy":"product_cat","embeddable":true,"href":"https:\/\/unicopas.org.br\/biblioteca\/wp-json\/wp\/v2\/product_cat?post=285"},{"taxonomy":"product_tag","embeddable":true,"href":"https:\/\/unicopas.org.br\/biblioteca\/wp-json\/wp\/v2\/product_tag?post=285"}],"curies":[{"name":"wp","href":"https:\/\/api.w.org\/{rel}","templated":true}]}}