{"id":282,"date":"2022-03-02T22:24:43","date_gmt":"2022-03-03T01:24:43","guid":{"rendered":"https:\/\/unicopas.org.br\/unicopas\/biblioteca\/?post_type=product&#038;p=282"},"modified":"2022-03-30T15:30:38","modified_gmt":"2022-03-30T18:30:38","slug":"o-cooperativismo-na-china","status":"publish","type":"product","link":"https:\/\/unicopas.org.br\/biblioteca\/produto\/o-cooperativismo-na-china\/","title":{"rendered":"O Cooperativismo na China"},"content":{"rendered":"<p>A Concrab est\u00e1 lan\u00e7ando junto com esta cartilha um novo conjunto de materiais intitulados \u201cCaderno de experi\u00eancias hist\u00f3ricas da coopera\u00e7\u00e3o\u201d. Buscamos com esse novo caderno, trazer aos militantes do MST e aos organizadores sociais, ideias e informa\u00e7\u00f5es.<\/p>\n","protected":false},"excerpt":{"rendered":"<p>A Concrab est\u00e1 lan\u00e7ando junto com esta cartilha um novo conjunto de materiais intitulados \u201cCaderno de experi\u00eancias hist\u00f3ricas da coopera\u00e7\u00e3o\u201d. Buscamos com esse novo caderno, trazer aos militantes do MST e aos organizadores sociais, ideias e informa\u00e7\u00f5es.<\/p>\n","protected":false},"featured_media":452,"comment_status":"open","ping_status":"closed","template":"","meta":{"_coblocks_attr":"","_coblocks_dimensions":"","_coblocks_responsive_height":"","_coblocks_accordion_ie_support":"","site-sidebar-layout":"default","site-content-layout":"default","ast-global-header-display":"","ast-main-header-display":"","ast-hfb-above-header-display":"","ast-hfb-below-header-display":"","ast-hfb-mobile-header-display":"","site-post-title":"","ast-breadcrumbs-content":"","ast-featured-img":"","footer-sml-layout":"","theme-transparent-header-meta":"default","adv-header-id-meta":"","stick-header-meta":"","header-above-stick-meta":"","header-main-stick-meta":"","header-below-stick-meta":""},"product_cat":[18],"product_tag":[61],"class_list":["post-282","product","type-product","status-publish","has-post-thumbnail","hentry","product_cat-publi","product_tag-cooperativismo-e-economia-solidaria"],"_links":{"self":[{"href":"https:\/\/unicopas.org.br\/biblioteca\/wp-json\/wp\/v2\/product\/282","targetHints":{"allow":["GET"]}}],"collection":[{"href":"https:\/\/unicopas.org.br\/biblioteca\/wp-json\/wp\/v2\/product"}],"about":[{"href":"https:\/\/unicopas.org.br\/biblioteca\/wp-json\/wp\/v2\/types\/product"}],"replies":[{"embeddable":true,"href":"https:\/\/unicopas.org.br\/biblioteca\/wp-json\/wp\/v2\/comments?post=282"}],"wp:featuredmedia":[{"embeddable":true,"href":"https:\/\/unicopas.org.br\/biblioteca\/wp-json\/wp\/v2\/media\/452"}],"wp:attachment":[{"href":"https:\/\/unicopas.org.br\/biblioteca\/wp-json\/wp\/v2\/media?parent=282"}],"wp:term":[{"taxonomy":"product_cat","embeddable":true,"href":"https:\/\/unicopas.org.br\/biblioteca\/wp-json\/wp\/v2\/product_cat?post=282"},{"taxonomy":"product_tag","embeddable":true,"href":"https:\/\/unicopas.org.br\/biblioteca\/wp-json\/wp\/v2\/product_tag?post=282"}],"curies":[{"name":"wp","href":"https:\/\/api.w.org\/{rel}","templated":true}]}}