{"id":279,"date":"2022-03-02T22:22:16","date_gmt":"2022-03-03T01:22:16","guid":{"rendered":"https:\/\/unicopas.org.br\/unicopas\/biblioteca\/?post_type=product&#038;p=279"},"modified":"2022-03-30T15:30:52","modified_gmt":"2022-03-30T18:30:52","slug":"o-cooperativismo-no-pensamento-marxista","status":"publish","type":"product","link":"https:\/\/unicopas.org.br\/biblioteca\/produto\/o-cooperativismo-no-pensamento-marxista\/","title":{"rendered":"O Cooperativismo no pensamento Marxista"},"content":{"rendered":"<p>Chega agora em suas m\u00e3os uma colet\u00e2nea de textos dos pensadores marxistas, que em seu tempo, buscaram tratar da problem\u00e1tica da coopera\u00e7\u00e3o, um dos pilares da organiza\u00e7\u00e3o social e dentro disso colaborar sobre o cooperativismo.<\/p>\n","protected":false},"excerpt":{"rendered":"<p>Chega agora em suas m\u00e3os uma colet\u00e2nea de textos dos pensadores marxistas, que em seu tempo, buscaram tratar da problem\u00e1tica da coopera\u00e7\u00e3o, um dos pilares da organiza\u00e7\u00e3o social e dentro disso colaborar sobre o cooperativismo.<\/p>\n","protected":false},"featured_media":453,"comment_status":"open","ping_status":"closed","template":"","meta":{"_coblocks_attr":"","_coblocks_dimensions":"","_coblocks_responsive_height":"","_coblocks_accordion_ie_support":"","site-sidebar-layout":"default","site-content-layout":"default","ast-global-header-display":"","ast-main-header-display":"","ast-hfb-above-header-display":"","ast-hfb-below-header-display":"","ast-hfb-mobile-header-display":"","site-post-title":"","ast-breadcrumbs-content":"","ast-featured-img":"","footer-sml-layout":"","theme-transparent-header-meta":"default","adv-header-id-meta":"","stick-header-meta":"","header-above-stick-meta":"","header-main-stick-meta":"","header-below-stick-meta":""},"product_cat":[18],"product_tag":[61],"class_list":["post-279","product","type-product","status-publish","has-post-thumbnail","hentry","product_cat-publi","product_tag-cooperativismo-e-economia-solidaria"],"_links":{"self":[{"href":"https:\/\/unicopas.org.br\/biblioteca\/wp-json\/wp\/v2\/product\/279","targetHints":{"allow":["GET"]}}],"collection":[{"href":"https:\/\/unicopas.org.br\/biblioteca\/wp-json\/wp\/v2\/product"}],"about":[{"href":"https:\/\/unicopas.org.br\/biblioteca\/wp-json\/wp\/v2\/types\/product"}],"replies":[{"embeddable":true,"href":"https:\/\/unicopas.org.br\/biblioteca\/wp-json\/wp\/v2\/comments?post=279"}],"wp:featuredmedia":[{"embeddable":true,"href":"https:\/\/unicopas.org.br\/biblioteca\/wp-json\/wp\/v2\/media\/453"}],"wp:attachment":[{"href":"https:\/\/unicopas.org.br\/biblioteca\/wp-json\/wp\/v2\/media?parent=279"}],"wp:term":[{"taxonomy":"product_cat","embeddable":true,"href":"https:\/\/unicopas.org.br\/biblioteca\/wp-json\/wp\/v2\/product_cat?post=279"},{"taxonomy":"product_tag","embeddable":true,"href":"https:\/\/unicopas.org.br\/biblioteca\/wp-json\/wp\/v2\/product_tag?post=279"}],"curies":[{"name":"wp","href":"https:\/\/api.w.org\/{rel}","templated":true}]}}