{"id":277,"date":"2022-03-02T22:20:41","date_gmt":"2022-03-03T01:20:41","guid":{"rendered":"https:\/\/unicopas.org.br\/unicopas\/biblioteca\/?post_type=product&#038;p=277"},"modified":"2022-03-30T15:31:12","modified_gmt":"2022-03-30T18:31:12","slug":"anuario-da-reciclagem-2017-2018","status":"publish","type":"product","link":"https:\/\/unicopas.org.br\/biblioteca\/produto\/anuario-da-reciclagem-2017-2018\/","title":{"rendered":"Anu\u00e1rio da reciclagem 2017-2018"},"content":{"rendered":"<p>Com intenso avan\u00e7o da urbaniza\u00e7\u00e3o e industrializa\u00e7\u00e3o da sociedade nas \u00faltimas d\u00e9cadas, houve tamb\u00e9m grande crescimento da gera\u00e7\u00e3o de res\u00edduos. Devido \u00e0 preocupa\u00e7\u00e3o ambiental relacionada ao tema, tem aumentado a mobiliza\u00e7\u00e3o coletiva em torno do gerenciamento desses res\u00edduos e o uso intensivo dos recursos naturais.<\/p>\n","protected":false},"excerpt":{"rendered":"<p>Com intenso avan\u00e7o da urbaniza\u00e7\u00e3o e industrializa\u00e7\u00e3o da sociedade nas \u00faltimas d\u00e9cadas, houve tamb\u00e9m grande crescimento da gera\u00e7\u00e3o de res\u00edduos. Devido \u00e0 preocupa\u00e7\u00e3o ambiental relacionada ao tema, tem aumentado a mobiliza\u00e7\u00e3o coletiva em torno do gerenciamento desses res\u00edduos e o uso intensivo dos recursos naturais.<\/p>\n","protected":false},"featured_media":437,"comment_status":"open","ping_status":"closed","template":"","meta":{"_coblocks_attr":"","_coblocks_dimensions":"","_coblocks_responsive_height":"","_coblocks_accordion_ie_support":"","site-sidebar-layout":"default","site-content-layout":"default","ast-global-header-display":"","ast-main-header-display":"","ast-hfb-above-header-display":"","ast-hfb-below-header-display":"","ast-hfb-mobile-header-display":"","site-post-title":"","ast-breadcrumbs-content":"","ast-featured-img":"","footer-sml-layout":"","theme-transparent-header-meta":"default","adv-header-id-meta":"","stick-header-meta":"","header-above-stick-meta":"","header-main-stick-meta":"","header-below-stick-meta":""},"product_cat":[18],"product_tag":[60],"class_list":["post-277","product","type-product","status-publish","has-post-thumbnail","hentry","product_cat-publi","product_tag-reciclagem-e-residuos-solidos"],"_links":{"self":[{"href":"https:\/\/unicopas.org.br\/biblioteca\/wp-json\/wp\/v2\/product\/277","targetHints":{"allow":["GET"]}}],"collection":[{"href":"https:\/\/unicopas.org.br\/biblioteca\/wp-json\/wp\/v2\/product"}],"about":[{"href":"https:\/\/unicopas.org.br\/biblioteca\/wp-json\/wp\/v2\/types\/product"}],"replies":[{"embeddable":true,"href":"https:\/\/unicopas.org.br\/biblioteca\/wp-json\/wp\/v2\/comments?post=277"}],"wp:featuredmedia":[{"embeddable":true,"href":"https:\/\/unicopas.org.br\/biblioteca\/wp-json\/wp\/v2\/media\/437"}],"wp:attachment":[{"href":"https:\/\/unicopas.org.br\/biblioteca\/wp-json\/wp\/v2\/media?parent=277"}],"wp:term":[{"taxonomy":"product_cat","embeddable":true,"href":"https:\/\/unicopas.org.br\/biblioteca\/wp-json\/wp\/v2\/product_cat?post=277"},{"taxonomy":"product_tag","embeddable":true,"href":"https:\/\/unicopas.org.br\/biblioteca\/wp-json\/wp\/v2\/product_tag?post=277"}],"curies":[{"name":"wp","href":"https:\/\/api.w.org\/{rel}","templated":true}]}}