{"id":273,"date":"2022-03-02T22:18:03","date_gmt":"2022-03-03T01:18:03","guid":{"rendered":"https:\/\/unicopas.org.br\/unicopas\/biblioteca\/?post_type=product&#038;p=273"},"modified":"2022-03-30T15:31:54","modified_gmt":"2022-03-30T18:31:54","slug":"anuario-reciclagem-2021","status":"publish","type":"product","link":"https:\/\/unicopas.org.br\/biblioteca\/produto\/anuario-reciclagem-2021\/","title":{"rendered":"Anu\u00e1rio da Reciclagem 2021"},"content":{"rendered":"<p>O Anu\u00e1rio da Reciclagem 2021 representa n\u00e3o somente a maior base de dados sobre cooperativas e associa\u00e7\u00f5es de catadoras e catadores de materiais recicl\u00e1veis no Brasil, mas tamb\u00e9m uma oportunidade de ampliar olhares e sentidos sobre o papel desses trabalhadores na cadeia de reciclagem.<\/p>\n","protected":false},"excerpt":{"rendered":"<p>O Anu\u00e1rio da Reciclagem 2021 representa n\u00e3o somente a maior base de dados sobre cooperativas e associa\u00e7\u00f5es de catadoras e catadores de materiais recicl\u00e1veis no Brasil, mas tamb\u00e9m uma oportunidade de ampliar olhares e sentidos sobre o papel desses trabalhadores na cadeia de reciclagem.<\/p>\n","protected":false},"featured_media":439,"comment_status":"open","ping_status":"closed","template":"","meta":{"_coblocks_attr":"","_coblocks_dimensions":"","_coblocks_responsive_height":"","_coblocks_accordion_ie_support":"","site-sidebar-layout":"default","site-content-layout":"default","ast-global-header-display":"","ast-main-header-display":"","ast-hfb-above-header-display":"","ast-hfb-below-header-display":"","ast-hfb-mobile-header-display":"","site-post-title":"","ast-breadcrumbs-content":"","ast-featured-img":"","footer-sml-layout":"","theme-transparent-header-meta":"default","adv-header-id-meta":"","stick-header-meta":"","header-above-stick-meta":"","header-main-stick-meta":"","header-below-stick-meta":""},"product_cat":[18],"product_tag":[60],"class_list":["post-273","product","type-product","status-publish","has-post-thumbnail","hentry","product_cat-publi","product_tag-reciclagem-e-residuos-solidos"],"_links":{"self":[{"href":"https:\/\/unicopas.org.br\/biblioteca\/wp-json\/wp\/v2\/product\/273","targetHints":{"allow":["GET"]}}],"collection":[{"href":"https:\/\/unicopas.org.br\/biblioteca\/wp-json\/wp\/v2\/product"}],"about":[{"href":"https:\/\/unicopas.org.br\/biblioteca\/wp-json\/wp\/v2\/types\/product"}],"replies":[{"embeddable":true,"href":"https:\/\/unicopas.org.br\/biblioteca\/wp-json\/wp\/v2\/comments?post=273"}],"wp:featuredmedia":[{"embeddable":true,"href":"https:\/\/unicopas.org.br\/biblioteca\/wp-json\/wp\/v2\/media\/439"}],"wp:attachment":[{"href":"https:\/\/unicopas.org.br\/biblioteca\/wp-json\/wp\/v2\/media?parent=273"}],"wp:term":[{"taxonomy":"product_cat","embeddable":true,"href":"https:\/\/unicopas.org.br\/biblioteca\/wp-json\/wp\/v2\/product_cat?post=273"},{"taxonomy":"product_tag","embeddable":true,"href":"https:\/\/unicopas.org.br\/biblioteca\/wp-json\/wp\/v2\/product_tag?post=273"}],"curies":[{"name":"wp","href":"https:\/\/api.w.org\/{rel}","templated":true}]}}