{"id":271,"date":"2022-03-02T22:15:53","date_gmt":"2022-03-03T01:15:53","guid":{"rendered":"https:\/\/unicopas.org.br\/unicopas\/biblioteca\/?post_type=product&#038;p=271"},"modified":"2025-04-12T16:03:47","modified_gmt":"2025-04-12T19:03:47","slug":"catadores-de-materiais-reciclaveis-um-encontro-nacional","status":"publish","type":"product","link":"https:\/\/unicopas.org.br\/biblioteca\/produto\/catadores-de-materiais-reciclaveis-um-encontro-nacional\/","title":{"rendered":"Catadores de Materiais Recicl\u00e1veis: Um encontro nacional"},"content":{"rendered":"<p>Nos \u00faltimos anos, o Ipea tem promovido diversas pesquisas sobre a situa\u00e7\u00e3o social de catadores de material recicl\u00e1vel. Este livro d\u00e1 um passo adiante, oferecendo bases para o amadurecimento das pol\u00edticas p\u00fablicas relacionadas \u00e0 reciclagem, tratando particularmente dos entraves ao avan\u00e7o desta pr\u00e1tica no Brasil.<\/p>\n","protected":false},"excerpt":{"rendered":"<p>Este livro d\u00e1 um passo adiante, oferecendo bases para o amadurecimento das pol\u00edticas p\u00fablicas relacionadas \u00e0 reciclagem, tratando particularmente dos entraves ao avan\u00e7o desta pr\u00e1tica no Brasil.<\/p>\n","protected":false},"featured_media":441,"comment_status":"open","ping_status":"closed","template":"","meta":{"_coblocks_attr":"","_coblocks_dimensions":"","_coblocks_responsive_height":"","_coblocks_accordion_ie_support":"","site-sidebar-layout":"default","site-content-layout":"default","ast-global-header-display":"","ast-main-header-display":"","ast-hfb-above-header-display":"","ast-hfb-below-header-display":"","ast-hfb-mobile-header-display":"","site-post-title":"","ast-breadcrumbs-content":"","ast-featured-img":"","footer-sml-layout":"","theme-transparent-header-meta":"default","adv-header-id-meta":"","stick-header-meta":"","header-above-stick-meta":"","header-main-stick-meta":"","header-below-stick-meta":""},"product_cat":[18],"product_tag":[60],"class_list":["post-271","product","type-product","status-publish","has-post-thumbnail","hentry","product_cat-publi","product_tag-reciclagem-e-residuos-solidos"],"_links":{"self":[{"href":"https:\/\/unicopas.org.br\/biblioteca\/wp-json\/wp\/v2\/product\/271","targetHints":{"allow":["GET"]}}],"collection":[{"href":"https:\/\/unicopas.org.br\/biblioteca\/wp-json\/wp\/v2\/product"}],"about":[{"href":"https:\/\/unicopas.org.br\/biblioteca\/wp-json\/wp\/v2\/types\/product"}],"replies":[{"embeddable":true,"href":"https:\/\/unicopas.org.br\/biblioteca\/wp-json\/wp\/v2\/comments?post=271"}],"wp:featuredmedia":[{"embeddable":true,"href":"https:\/\/unicopas.org.br\/biblioteca\/wp-json\/wp\/v2\/media\/441"}],"wp:attachment":[{"href":"https:\/\/unicopas.org.br\/biblioteca\/wp-json\/wp\/v2\/media?parent=271"}],"wp:term":[{"taxonomy":"product_cat","embeddable":true,"href":"https:\/\/unicopas.org.br\/biblioteca\/wp-json\/wp\/v2\/product_cat?post=271"},{"taxonomy":"product_tag","embeddable":true,"href":"https:\/\/unicopas.org.br\/biblioteca\/wp-json\/wp\/v2\/product_tag?post=271"}],"curies":[{"name":"wp","href":"https:\/\/api.w.org\/{rel}","templated":true}]}}