{"id":269,"date":"2022-03-02T22:12:36","date_gmt":"2022-03-03T01:12:36","guid":{"rendered":"https:\/\/unicopas.org.br\/unicopas\/biblioteca\/?post_type=product&#038;p=269"},"modified":"2022-03-30T15:32:26","modified_gmt":"2022-03-30T18:32:26","slug":"do-lixo-a-cidadania","status":"publish","type":"product","link":"https:\/\/unicopas.org.br\/biblioteca\/produto\/do-lixo-a-cidadania\/","title":{"rendered":"Do Lixo \u00e0 Cidadania"},"content":{"rendered":"<p>A escrita de um guia direcionado para a organiza\u00e7\u00e3o e o desenvolvimento de cooperativas de catadores sempre foi um sonho da equipe de profissionais do Ipesa. Relatar experi\u00eancias de sucesso na forma\u00e7\u00e3o desses grupos nos d\u00e1 a certeza de que \u00e9 necess\u00e1rio multiplicar os bons resultados conquistados por esses trabalhadores.<\/p>\n","protected":false},"excerpt":{"rendered":"<p>A escrita de um guia direcionado para a organiza\u00e7\u00e3o e o desenvolvimento de cooperativas de catadores sempre foi um sonho da equipe de profissionais do Ipesa. Relatar experi\u00eancias de sucesso na forma\u00e7\u00e3o desses grupos nos d\u00e1 a certeza de que \u00e9 necess\u00e1rio multiplicar os bons resultados conquistados por esses trabalhadores.<\/p>\n","protected":false},"featured_media":444,"comment_status":"open","ping_status":"closed","template":"","meta":{"_coblocks_attr":"","_coblocks_dimensions":"","_coblocks_responsive_height":"","_coblocks_accordion_ie_support":"","site-sidebar-layout":"default","site-content-layout":"default","ast-global-header-display":"","ast-main-header-display":"","ast-hfb-above-header-display":"","ast-hfb-below-header-display":"","ast-hfb-mobile-header-display":"","site-post-title":"","ast-breadcrumbs-content":"","ast-featured-img":"","footer-sml-layout":"","theme-transparent-header-meta":"default","adv-header-id-meta":"","stick-header-meta":"","header-above-stick-meta":"","header-main-stick-meta":"","header-below-stick-meta":""},"product_cat":[18],"product_tag":[60],"class_list":["post-269","product","type-product","status-publish","has-post-thumbnail","hentry","product_cat-publi","product_tag-reciclagem-e-residuos-solidos"],"_links":{"self":[{"href":"https:\/\/unicopas.org.br\/biblioteca\/wp-json\/wp\/v2\/product\/269","targetHints":{"allow":["GET"]}}],"collection":[{"href":"https:\/\/unicopas.org.br\/biblioteca\/wp-json\/wp\/v2\/product"}],"about":[{"href":"https:\/\/unicopas.org.br\/biblioteca\/wp-json\/wp\/v2\/types\/product"}],"replies":[{"embeddable":true,"href":"https:\/\/unicopas.org.br\/biblioteca\/wp-json\/wp\/v2\/comments?post=269"}],"wp:featuredmedia":[{"embeddable":true,"href":"https:\/\/unicopas.org.br\/biblioteca\/wp-json\/wp\/v2\/media\/444"}],"wp:attachment":[{"href":"https:\/\/unicopas.org.br\/biblioteca\/wp-json\/wp\/v2\/media?parent=269"}],"wp:term":[{"taxonomy":"product_cat","embeddable":true,"href":"https:\/\/unicopas.org.br\/biblioteca\/wp-json\/wp\/v2\/product_cat?post=269"},{"taxonomy":"product_tag","embeddable":true,"href":"https:\/\/unicopas.org.br\/biblioteca\/wp-json\/wp\/v2\/product_tag?post=269"}],"curies":[{"name":"wp","href":"https:\/\/api.w.org\/{rel}","templated":true}]}}