{"id":268,"date":"2022-03-02T22:09:52","date_gmt":"2022-03-03T01:09:52","guid":{"rendered":"https:\/\/unicopas.org.br\/unicopas\/biblioteca\/?post_type=product&#038;p=268"},"modified":"2022-03-30T15:32:40","modified_gmt":"2022-03-30T18:32:40","slug":"economia-solidaria-tecnologias-em-reciclagem-de-residuos","status":"publish","type":"product","link":"https:\/\/unicopas.org.br\/biblioteca\/produto\/economia-solidaria-tecnologias-em-reciclagem-de-residuos\/","title":{"rendered":"Economia Solid\u00e1ria: Tecnologias em Reciclagem de Res\u00edduos"},"content":{"rendered":"<p>Economia Solid\u00e1ria: Tecnologias em Reciclagem de Res\u00edduos para gera\u00e7\u00e3o de Trabalho e Renda apresenta todos os trabalhos submetidos e aprovados no 1o. Congresso Nacional de Economia Solid\u00e1ria, Res\u00edduos e Reciclagem (CONARESOL), que foi realizado pela Incubadora Regional de Cooperativas Populares da Universidade Federal de S\u00e3o Carlos (INCOOP\/UFSCar) nos dias 26 e 27 de novembro de 2009, nas depend\u00eancias da UFSCar em S\u00e3o Carlos.<\/p>\n","protected":false},"excerpt":{"rendered":"<p>Economia Solid\u00e1ria: Tecnologias em Reciclagem de Res\u00edduos para gera\u00e7\u00e3o de Trabalho e Renda apresenta todos os trabalhos submetidos e aprovados no 1o. Congresso Nacional de Economia Solid\u00e1ria, Res\u00edduos e Reciclagem (CONARESOL)<\/p>\n","protected":false},"featured_media":446,"comment_status":"open","ping_status":"closed","template":"","meta":{"_coblocks_attr":"","_coblocks_dimensions":"","_coblocks_responsive_height":"","_coblocks_accordion_ie_support":"","site-sidebar-layout":"default","site-content-layout":"default","ast-global-header-display":"","ast-main-header-display":"","ast-hfb-above-header-display":"","ast-hfb-below-header-display":"","ast-hfb-mobile-header-display":"","site-post-title":"","ast-breadcrumbs-content":"","ast-featured-img":"","footer-sml-layout":"","theme-transparent-header-meta":"default","adv-header-id-meta":"","stick-header-meta":"","header-above-stick-meta":"","header-main-stick-meta":"","header-below-stick-meta":""},"product_cat":[18],"product_tag":[60],"class_list":["post-268","product","type-product","status-publish","has-post-thumbnail","hentry","product_cat-publi","product_tag-reciclagem-e-residuos-solidos"],"_links":{"self":[{"href":"https:\/\/unicopas.org.br\/biblioteca\/wp-json\/wp\/v2\/product\/268","targetHints":{"allow":["GET"]}}],"collection":[{"href":"https:\/\/unicopas.org.br\/biblioteca\/wp-json\/wp\/v2\/product"}],"about":[{"href":"https:\/\/unicopas.org.br\/biblioteca\/wp-json\/wp\/v2\/types\/product"}],"replies":[{"embeddable":true,"href":"https:\/\/unicopas.org.br\/biblioteca\/wp-json\/wp\/v2\/comments?post=268"}],"wp:featuredmedia":[{"embeddable":true,"href":"https:\/\/unicopas.org.br\/biblioteca\/wp-json\/wp\/v2\/media\/446"}],"wp:attachment":[{"href":"https:\/\/unicopas.org.br\/biblioteca\/wp-json\/wp\/v2\/media?parent=268"}],"wp:term":[{"taxonomy":"product_cat","embeddable":true,"href":"https:\/\/unicopas.org.br\/biblioteca\/wp-json\/wp\/v2\/product_cat?post=268"},{"taxonomy":"product_tag","embeddable":true,"href":"https:\/\/unicopas.org.br\/biblioteca\/wp-json\/wp\/v2\/product_tag?post=268"}],"curies":[{"name":"wp","href":"https:\/\/api.w.org\/{rel}","templated":true}]}}