{"id":266,"date":"2022-03-02T22:07:12","date_gmt":"2022-03-03T01:07:12","guid":{"rendered":"https:\/\/unicopas.org.br\/unicopas\/biblioteca\/?post_type=product&#038;p=266"},"modified":"2022-03-30T15:32:56","modified_gmt":"2022-03-30T18:32:56","slug":"reciclagem-sustentavel-e-solidaria","status":"publish","type":"product","link":"https:\/\/unicopas.org.br\/biblioteca\/produto\/reciclagem-sustentavel-e-solidaria\/","title":{"rendered":"Reciclagem sustent\u00e1vel e solid\u00e1ria"},"content":{"rendered":"<p>Mais de 500 mil pessoas, segundo estimativa do Movimento Nacional de Catadores de Materiais Recicl\u00e1veis (MNCR), sobrevivem de catar e comercializar res\u00edduos s\u00f3lidos nas grandes cidades brasileiras Pelo Brasil afora, esses catadores, tamb\u00e9m chamados carroceiros, realizam um trabalho invis\u00edvel.<\/p>\n","protected":false},"excerpt":{"rendered":"<p>Mais de 500 mil pessoas, segundo estimativa do Movimento Nacional de Catadores de Materiais Recicl\u00e1veis (MNCR), sobrevivem de catar e comercializar res\u00edduos s\u00f3lidos nas grandes cidades brasileiras Pelo Brasil afora, esses catadores, tamb\u00e9m chamados carroceiros, realizam um trabalho invis\u00edvel.<\/p>\n","protected":false},"featured_media":455,"comment_status":"open","ping_status":"closed","template":"","meta":{"_coblocks_attr":"","_coblocks_dimensions":"","_coblocks_responsive_height":"","_coblocks_accordion_ie_support":"","site-sidebar-layout":"default","site-content-layout":"default","ast-global-header-display":"","ast-main-header-display":"","ast-hfb-above-header-display":"","ast-hfb-below-header-display":"","ast-hfb-mobile-header-display":"","site-post-title":"","ast-breadcrumbs-content":"","ast-featured-img":"","footer-sml-layout":"","theme-transparent-header-meta":"default","adv-header-id-meta":"","stick-header-meta":"","header-above-stick-meta":"","header-main-stick-meta":"","header-below-stick-meta":""},"product_cat":[18],"product_tag":[60],"class_list":["post-266","product","type-product","status-publish","has-post-thumbnail","hentry","product_cat-publi","product_tag-reciclagem-e-residuos-solidos"],"_links":{"self":[{"href":"https:\/\/unicopas.org.br\/biblioteca\/wp-json\/wp\/v2\/product\/266","targetHints":{"allow":["GET"]}}],"collection":[{"href":"https:\/\/unicopas.org.br\/biblioteca\/wp-json\/wp\/v2\/product"}],"about":[{"href":"https:\/\/unicopas.org.br\/biblioteca\/wp-json\/wp\/v2\/types\/product"}],"replies":[{"embeddable":true,"href":"https:\/\/unicopas.org.br\/biblioteca\/wp-json\/wp\/v2\/comments?post=266"}],"wp:featuredmedia":[{"embeddable":true,"href":"https:\/\/unicopas.org.br\/biblioteca\/wp-json\/wp\/v2\/media\/455"}],"wp:attachment":[{"href":"https:\/\/unicopas.org.br\/biblioteca\/wp-json\/wp\/v2\/media?parent=266"}],"wp:term":[{"taxonomy":"product_cat","embeddable":true,"href":"https:\/\/unicopas.org.br\/biblioteca\/wp-json\/wp\/v2\/product_cat?post=266"},{"taxonomy":"product_tag","embeddable":true,"href":"https:\/\/unicopas.org.br\/biblioteca\/wp-json\/wp\/v2\/product_tag?post=266"}],"curies":[{"name":"wp","href":"https:\/\/api.w.org\/{rel}","templated":true}]}}