{"id":263,"date":"2022-03-02T22:01:52","date_gmt":"2022-03-03T01:01:52","guid":{"rendered":"https:\/\/unicopas.org.br\/unicopas\/biblioteca\/?post_type=product&#038;p=263"},"modified":"2022-03-30T15:33:10","modified_gmt":"2022-03-30T18:33:10","slug":"respeito-aos-catadores-protegendo-o-clima-atraves-do-lixo-zero","status":"publish","type":"product","link":"https:\/\/unicopas.org.br\/biblioteca\/produto\/respeito-aos-catadores-protegendo-o-clima-atraves-do-lixo-zero\/","title":{"rendered":"Respeito aos Catadores: Protegendo o Clima Atrav\u00e9s do Lixo Zero"},"content":{"rendered":"<p>A redu\u00e7\u00e3o, reutiliza\u00e7\u00e3o e reciclagem de res\u00edduos urbanos \u00e9 um dos meios mais f\u00e1ceis e eficazes na redu\u00e7\u00e3o das emiss\u00f5es de gases do efeito estufa. Tamb\u00e9m oferece uma atividade lucrativa para milh\u00f5es de pessoas no mundo em desenvolvimento, a maioria delas no setor informal (\u201ccatadores de recicl\u00e1veis\u201d)<\/p>\n","protected":false},"excerpt":{"rendered":"<p>A redu\u00e7\u00e3o, reutiliza\u00e7\u00e3o e reciclagem de res\u00edduos urbanos \u00e9 um dos meios mais f\u00e1ceis e eficazes na redu\u00e7\u00e3o das emiss\u00f5es de gases do efeito estufa. Tamb\u00e9m oferece uma atividade lucrativa para milh\u00f5es de pessoas no mundo em desenvolvimento, a maioria delas no setor informal (\u201ccatadores de recicl\u00e1veis\u201d)<\/p>\n","protected":false},"featured_media":463,"comment_status":"open","ping_status":"closed","template":"","meta":{"_coblocks_attr":"","_coblocks_dimensions":"","_coblocks_responsive_height":"","_coblocks_accordion_ie_support":"","site-sidebar-layout":"default","site-content-layout":"default","ast-global-header-display":"","ast-main-header-display":"","ast-hfb-above-header-display":"","ast-hfb-below-header-display":"","ast-hfb-mobile-header-display":"","site-post-title":"","ast-breadcrumbs-content":"","ast-featured-img":"","footer-sml-layout":"","theme-transparent-header-meta":"default","adv-header-id-meta":"","stick-header-meta":"","header-above-stick-meta":"","header-main-stick-meta":"","header-below-stick-meta":""},"product_cat":[18],"product_tag":[60],"class_list":["post-263","product","type-product","status-publish","has-post-thumbnail","hentry","product_cat-publi","product_tag-reciclagem-e-residuos-solidos"],"_links":{"self":[{"href":"https:\/\/unicopas.org.br\/biblioteca\/wp-json\/wp\/v2\/product\/263","targetHints":{"allow":["GET"]}}],"collection":[{"href":"https:\/\/unicopas.org.br\/biblioteca\/wp-json\/wp\/v2\/product"}],"about":[{"href":"https:\/\/unicopas.org.br\/biblioteca\/wp-json\/wp\/v2\/types\/product"}],"replies":[{"embeddable":true,"href":"https:\/\/unicopas.org.br\/biblioteca\/wp-json\/wp\/v2\/comments?post=263"}],"wp:featuredmedia":[{"embeddable":true,"href":"https:\/\/unicopas.org.br\/biblioteca\/wp-json\/wp\/v2\/media\/463"}],"wp:attachment":[{"href":"https:\/\/unicopas.org.br\/biblioteca\/wp-json\/wp\/v2\/media?parent=263"}],"wp:term":[{"taxonomy":"product_cat","embeddable":true,"href":"https:\/\/unicopas.org.br\/biblioteca\/wp-json\/wp\/v2\/product_cat?post=263"},{"taxonomy":"product_tag","embeddable":true,"href":"https:\/\/unicopas.org.br\/biblioteca\/wp-json\/wp\/v2\/product_tag?post=263"}],"curies":[{"name":"wp","href":"https:\/\/api.w.org\/{rel}","templated":true}]}}