{"id":262,"date":"2022-03-02T21:57:57","date_gmt":"2022-03-03T00:57:57","guid":{"rendered":"https:\/\/unicopas.org.br\/unicopas\/biblioteca\/?post_type=product&#038;p=262"},"modified":"2022-03-30T15:33:27","modified_gmt":"2022-03-30T18:33:27","slug":"saneamento-ambiental-e-saude-do-catador-de-material-reciclavel","status":"publish","type":"product","link":"https:\/\/unicopas.org.br\/biblioteca\/produto\/saneamento-ambiental-e-saude-do-catador-de-material-reciclavel\/","title":{"rendered":"Saneamento Ambiental e Sa\u00fade do Catador de Material Recicl\u00e1vel"},"content":{"rendered":"<p>A Associa\u00e7\u00e3o Brasileira de Engenharia Sanit\u00e1ria e Ambiental (ABES) \u00e9 uma associa\u00e7\u00e3o sem fins lucrativos com 52 anos de hist\u00f3ria e de atua\u00e7\u00e3o nacional. Participa no estabelecimento de mecanismos de car\u00e1ter social e pol\u00edtico que possam produzir reflexos positivos no saneamento, na sa\u00fade e no bem-estar da popula\u00e7\u00e3o em geral.<\/p>\n","protected":false},"excerpt":{"rendered":"<p>A Associa\u00e7\u00e3o Brasileira de Engenharia Sanit\u00e1ria e Ambiental (ABES) \u00e9 uma associa\u00e7\u00e3o sem fins lucrativos com 52 anos de hist\u00f3ria e de atua\u00e7\u00e3o nacional. Participa no estabelecimento de mecanismos de car\u00e1ter social e pol\u00edtico que possam produzir reflexos positivos no saneamento, na sa\u00fade e no bem-estar da popula\u00e7\u00e3o em geral.<\/p>\n","protected":false},"featured_media":460,"comment_status":"open","ping_status":"closed","template":"","meta":{"_coblocks_attr":"","_coblocks_dimensions":"","_coblocks_responsive_height":"","_coblocks_accordion_ie_support":"","site-sidebar-layout":"default","site-content-layout":"default","ast-global-header-display":"","ast-main-header-display":"","ast-hfb-above-header-display":"","ast-hfb-below-header-display":"","ast-hfb-mobile-header-display":"","site-post-title":"","ast-breadcrumbs-content":"","ast-featured-img":"","footer-sml-layout":"","theme-transparent-header-meta":"default","adv-header-id-meta":"","stick-header-meta":"","header-above-stick-meta":"","header-main-stick-meta":"","header-below-stick-meta":""},"product_cat":[18],"product_tag":[60],"class_list":["post-262","product","type-product","status-publish","has-post-thumbnail","hentry","product_cat-publi","product_tag-reciclagem-e-residuos-solidos"],"_links":{"self":[{"href":"https:\/\/unicopas.org.br\/biblioteca\/wp-json\/wp\/v2\/product\/262","targetHints":{"allow":["GET"]}}],"collection":[{"href":"https:\/\/unicopas.org.br\/biblioteca\/wp-json\/wp\/v2\/product"}],"about":[{"href":"https:\/\/unicopas.org.br\/biblioteca\/wp-json\/wp\/v2\/types\/product"}],"replies":[{"embeddable":true,"href":"https:\/\/unicopas.org.br\/biblioteca\/wp-json\/wp\/v2\/comments?post=262"}],"wp:featuredmedia":[{"embeddable":true,"href":"https:\/\/unicopas.org.br\/biblioteca\/wp-json\/wp\/v2\/media\/460"}],"wp:attachment":[{"href":"https:\/\/unicopas.org.br\/biblioteca\/wp-json\/wp\/v2\/media?parent=262"}],"wp:term":[{"taxonomy":"product_cat","embeddable":true,"href":"https:\/\/unicopas.org.br\/biblioteca\/wp-json\/wp\/v2\/product_cat?post=262"},{"taxonomy":"product_tag","embeddable":true,"href":"https:\/\/unicopas.org.br\/biblioteca\/wp-json\/wp\/v2\/product_tag?post=262"}],"curies":[{"name":"wp","href":"https:\/\/api.w.org\/{rel}","templated":true}]}}