{"id":260,"date":"2022-03-02T21:54:22","date_gmt":"2022-03-03T00:54:22","guid":{"rendered":"https:\/\/unicopas.org.br\/unicopas\/biblioteca\/?post_type=product&#038;p=260"},"modified":"2026-03-13T14:11:05","modified_gmt":"2026-03-13T17:11:05","slug":"o-caso-syngenta-violacoes-de-direitos-humanos-no-brasil","status":"publish","type":"product","link":"https:\/\/unicopas.org.br\/biblioteca\/produto\/o-caso-syngenta-violacoes-de-direitos-humanos-no-brasil\/","title":{"rendered":"O Caso Syngenta, Viola\u00e7\u00f5es de direitos humanos no Brasil"},"content":{"rendered":"<p>No Brasil, a Syngenta possui duas subsidi\u00e1rias que atuam nas \u00e1reas de vendas, produ\u00e7\u00e3o e pesquisa. As opera\u00e7\u00f5es em territ\u00f3rio brasileiro iniciaram-se em fevereiro de 2001, mas suas antecessoras est\u00e3o presentes no pa\u00eds h\u00e1 80 anos. Atualmente a empresa possui no Brasil esta\u00e7\u00f5es experimentais, laborat\u00f3rios, unidades de processamento de sementes e centros de pesquisa.<\/p>\n","protected":false},"excerpt":{"rendered":"<p>No Brasil, a Syngenta possui duas subsidi\u00e1rias que atuam nas \u00e1reas de vendas, produ\u00e7\u00e3o e pesquisa. As opera\u00e7\u00f5es em territ\u00f3rio brasileiro iniciaram-se em fevereiro de 2001, mas suas antecessoras est\u00e3o presentes no pa\u00eds h\u00e1 80 anos. Atualmente a empresa possui no Brasil esta\u00e7\u00f5es experimentais, laborat\u00f3rios, unidades de processamento de sementes e centros de pesquisa.<\/p>\n","protected":false},"featured_media":451,"comment_status":"open","ping_status":"closed","template":"","meta":{"_coblocks_attr":"","_coblocks_dimensions":"","_coblocks_responsive_height":"","_coblocks_accordion_ie_support":"","site-sidebar-layout":"default","site-content-layout":"default","ast-global-header-display":"","ast-main-header-display":"","ast-hfb-above-header-display":"","ast-hfb-below-header-display":"","ast-hfb-mobile-header-display":"","site-post-title":"","ast-breadcrumbs-content":"","ast-featured-img":"","footer-sml-layout":"","theme-transparent-header-meta":"default","adv-header-id-meta":"","stick-header-meta":"","header-above-stick-meta":"","header-main-stick-meta":"","header-below-stick-meta":""},"product_cat":[18],"product_tag":[59],"class_list":["post-260","product","type-product","status-publish","has-post-thumbnail","hentry","product_cat-publi","product_tag-direitos-humanos"],"_links":{"self":[{"href":"https:\/\/unicopas.org.br\/biblioteca\/wp-json\/wp\/v2\/product\/260","targetHints":{"allow":["GET"]}}],"collection":[{"href":"https:\/\/unicopas.org.br\/biblioteca\/wp-json\/wp\/v2\/product"}],"about":[{"href":"https:\/\/unicopas.org.br\/biblioteca\/wp-json\/wp\/v2\/types\/product"}],"replies":[{"embeddable":true,"href":"https:\/\/unicopas.org.br\/biblioteca\/wp-json\/wp\/v2\/comments?post=260"}],"wp:featuredmedia":[{"embeddable":true,"href":"https:\/\/unicopas.org.br\/biblioteca\/wp-json\/wp\/v2\/media\/451"}],"wp:attachment":[{"href":"https:\/\/unicopas.org.br\/biblioteca\/wp-json\/wp\/v2\/media?parent=260"}],"wp:term":[{"taxonomy":"product_cat","embeddable":true,"href":"https:\/\/unicopas.org.br\/biblioteca\/wp-json\/wp\/v2\/product_cat?post=260"},{"taxonomy":"product_tag","embeddable":true,"href":"https:\/\/unicopas.org.br\/biblioteca\/wp-json\/wp\/v2\/product_tag?post=260"}],"curies":[{"name":"wp","href":"https:\/\/api.w.org\/{rel}","templated":true}]}}