{"id":259,"date":"2022-03-02T21:50:12","date_gmt":"2022-03-03T00:50:12","guid":{"rendered":"https:\/\/unicopas.org.br\/unicopas\/biblioteca\/?post_type=product&#038;p=259"},"modified":"2022-03-30T15:34:08","modified_gmt":"2022-03-30T18:34:08","slug":"inspirar-sensibilizar-e-compartilhar-a-construcao-de-sinergias-nas-juventudes-brasileira","status":"publish","type":"product","link":"https:\/\/unicopas.org.br\/biblioteca\/produto\/inspirar-sensibilizar-e-compartilhar-a-construcao-de-sinergias-nas-juventudes-brasileira\/","title":{"rendered":"Inspirar, sensibilizar e Compartilhar &#8211; A constru\u00e7\u00e3o de sinergias nas juventudes brasileira"},"content":{"rendered":"<p>O livro \u201cInspirar, sensibilizar e Compartilhar &#8211; A constru\u00e7\u00e3o de sinergias nas juventudes brasileira\u201d, \u00e9 uma publica\u00e7\u00e3o das organiza\u00e7\u00f5es n\u00e3o governamentais apoiadas pela coopera\u00e7\u00e3o internacional da B\u00e9lgica que visa Inspirar novas lideran\u00e7as, sensibilizar a sociedade da import\u00e2ncia da juventude e compartilhar as experi\u00eancias do movimento Sinergia.<\/p>\n","protected":false},"excerpt":{"rendered":"<p>Visa inspirar novas lideran\u00e7as, sensibilizar a sociedade da import\u00e2ncia da juventude e compartilhar as experi\u00eancias do movimento Sinergia.<\/p>\n","protected":false},"featured_media":450,"comment_status":"open","ping_status":"closed","template":"","meta":{"_coblocks_attr":"","_coblocks_dimensions":"","_coblocks_responsive_height":"","_coblocks_accordion_ie_support":"","site-sidebar-layout":"default","site-content-layout":"default","ast-global-header-display":"","ast-main-header-display":"","ast-hfb-above-header-display":"","ast-hfb-below-header-display":"","ast-hfb-mobile-header-display":"","site-post-title":"","ast-breadcrumbs-content":"","ast-featured-img":"","footer-sml-layout":"","theme-transparent-header-meta":"default","adv-header-id-meta":"","stick-header-meta":"","header-above-stick-meta":"","header-main-stick-meta":"","header-below-stick-meta":""},"product_cat":[18],"product_tag":[58],"class_list":["post-259","product","type-product","status-publish","has-post-thumbnail","hentry","product_cat-publi","product_tag-juventudes"],"_links":{"self":[{"href":"https:\/\/unicopas.org.br\/biblioteca\/wp-json\/wp\/v2\/product\/259","targetHints":{"allow":["GET"]}}],"collection":[{"href":"https:\/\/unicopas.org.br\/biblioteca\/wp-json\/wp\/v2\/product"}],"about":[{"href":"https:\/\/unicopas.org.br\/biblioteca\/wp-json\/wp\/v2\/types\/product"}],"replies":[{"embeddable":true,"href":"https:\/\/unicopas.org.br\/biblioteca\/wp-json\/wp\/v2\/comments?post=259"}],"wp:featuredmedia":[{"embeddable":true,"href":"https:\/\/unicopas.org.br\/biblioteca\/wp-json\/wp\/v2\/media\/450"}],"wp:attachment":[{"href":"https:\/\/unicopas.org.br\/biblioteca\/wp-json\/wp\/v2\/media?parent=259"}],"wp:term":[{"taxonomy":"product_cat","embeddable":true,"href":"https:\/\/unicopas.org.br\/biblioteca\/wp-json\/wp\/v2\/product_cat?post=259"},{"taxonomy":"product_tag","embeddable":true,"href":"https:\/\/unicopas.org.br\/biblioteca\/wp-json\/wp\/v2\/product_tag?post=259"}],"curies":[{"name":"wp","href":"https:\/\/api.w.org\/{rel}","templated":true}]}}