{"id":257,"date":"2022-03-17T21:47:35","date_gmt":"2022-03-18T00:47:35","guid":{"rendered":"https:\/\/unicopas.org.br\/unicopas\/biblioteca\/?post_type=product&#038;p=257"},"modified":"2022-03-30T15:16:57","modified_gmt":"2022-03-30T18:16:57","slug":"principios-de-empoderamiento-de-las-mujeres","status":"publish","type":"product","link":"https:\/\/unicopas.org.br\/biblioteca\/produto\/principios-de-empoderamiento-de-las-mujeres\/","title":{"rendered":"Principios de Empoderamiento de las Mujeres"},"content":{"rendered":"<p>O progresso das mulheres na Am\u00e9rica Latina e o Caribe 2017: transformando economias para realizar os direitos Existem diferen\u00e7as estruturais entre mulheres da regi\u00e3o. Desigualdades socioecon\u00f4micas, origens geogr\u00e1ficas, \u00e9tnicas e raciais se cruzam com as desigualdades de g\u00eanero e, ao mesmo tempo.<\/p>\n<p>&nbsp;<\/p>\n","protected":false},"excerpt":{"rendered":"<p>Desigualdades socioecon\u00f4micas, origens geogr\u00e1ficas, \u00e9tnicas e raciais se cruzam com as desigualdades de g\u00eanero e, ao mesmo tempo.<\/p>\n","protected":false},"featured_media":454,"comment_status":"open","ping_status":"closed","template":"","meta":{"_coblocks_attr":"","_coblocks_dimensions":"","_coblocks_responsive_height":"","_coblocks_accordion_ie_support":"","site-sidebar-layout":"default","site-content-layout":"default","ast-global-header-display":"","ast-main-header-display":"","ast-hfb-above-header-display":"","ast-hfb-below-header-display":"","ast-hfb-mobile-header-display":"","site-post-title":"","ast-breadcrumbs-content":"","ast-featured-img":"","footer-sml-layout":"","theme-transparent-header-meta":"default","adv-header-id-meta":"","stick-header-meta":"","header-above-stick-meta":"","header-main-stick-meta":"","header-below-stick-meta":""},"product_cat":[18],"product_tag":[19],"class_list":["post-257","product","type-product","status-publish","has-post-thumbnail","hentry","product_cat-publi","product_tag-mulheres"],"_links":{"self":[{"href":"https:\/\/unicopas.org.br\/biblioteca\/wp-json\/wp\/v2\/product\/257","targetHints":{"allow":["GET"]}}],"collection":[{"href":"https:\/\/unicopas.org.br\/biblioteca\/wp-json\/wp\/v2\/product"}],"about":[{"href":"https:\/\/unicopas.org.br\/biblioteca\/wp-json\/wp\/v2\/types\/product"}],"replies":[{"embeddable":true,"href":"https:\/\/unicopas.org.br\/biblioteca\/wp-json\/wp\/v2\/comments?post=257"}],"wp:featuredmedia":[{"embeddable":true,"href":"https:\/\/unicopas.org.br\/biblioteca\/wp-json\/wp\/v2\/media\/454"}],"wp:attachment":[{"href":"https:\/\/unicopas.org.br\/biblioteca\/wp-json\/wp\/v2\/media?parent=257"}],"wp:term":[{"taxonomy":"product_cat","embeddable":true,"href":"https:\/\/unicopas.org.br\/biblioteca\/wp-json\/wp\/v2\/product_cat?post=257"},{"taxonomy":"product_tag","embeddable":true,"href":"https:\/\/unicopas.org.br\/biblioteca\/wp-json\/wp\/v2\/product_tag?post=257"}],"curies":[{"name":"wp","href":"https:\/\/api.w.org\/{rel}","templated":true}]}}