{"id":253,"date":"2022-03-17T21:30:03","date_gmt":"2022-03-18T00:30:03","guid":{"rendered":"https:\/\/unicopas.org.br\/unicopas\/biblioteca\/?post_type=product&#038;p=253"},"modified":"2022-03-30T15:17:20","modified_gmt":"2022-03-30T18:17:20","slug":"perfil-da-mulher-na-politica","status":"publish","type":"product","link":"https:\/\/unicopas.org.br\/biblioteca\/produto\/perfil-da-mulher-na-politica\/","title":{"rendered":"Perfil da Mulher na Pol\u00edtica"},"content":{"rendered":"<p>Muitos s\u00e3o os estudos que j\u00e1 tentaram compreender as raz\u00f5es para a sub-representa\u00e7\u00e3o feminina na pol\u00edtica, em especial, pesquisas internacionais. No entanto, no Brasil, ainda vivemos uma escassez de dados sobre o assunto.<\/p>\n<p>&nbsp;<\/p>\n","protected":false},"excerpt":{"rendered":"<p>Muitos s\u00e3o os estudos que j\u00e1 tentaram compreender as raz\u00f5es para a sub-representa\u00e7\u00e3o feminina na pol\u00edtica, em especial, pesquisas internacionais. No entanto, no Brasil, ainda vivemos uma escassez de dados sobre o assunto.<\/p>\n","protected":false},"featured_media":426,"comment_status":"open","ping_status":"closed","template":"","meta":{"_coblocks_attr":"","_coblocks_dimensions":"","_coblocks_responsive_height":"","_coblocks_accordion_ie_support":"","site-sidebar-layout":"default","site-content-layout":"default","ast-global-header-display":"","ast-main-header-display":"","ast-hfb-above-header-display":"","ast-hfb-below-header-display":"","ast-hfb-mobile-header-display":"","site-post-title":"","ast-breadcrumbs-content":"","ast-featured-img":"","footer-sml-layout":"","theme-transparent-header-meta":"default","adv-header-id-meta":"","stick-header-meta":"","header-above-stick-meta":"","header-main-stick-meta":"","header-below-stick-meta":""},"product_cat":[18],"product_tag":[19],"class_list":["post-253","product","type-product","status-publish","has-post-thumbnail","hentry","product_cat-publi","product_tag-mulheres"],"_links":{"self":[{"href":"https:\/\/unicopas.org.br\/biblioteca\/wp-json\/wp\/v2\/product\/253","targetHints":{"allow":["GET"]}}],"collection":[{"href":"https:\/\/unicopas.org.br\/biblioteca\/wp-json\/wp\/v2\/product"}],"about":[{"href":"https:\/\/unicopas.org.br\/biblioteca\/wp-json\/wp\/v2\/types\/product"}],"replies":[{"embeddable":true,"href":"https:\/\/unicopas.org.br\/biblioteca\/wp-json\/wp\/v2\/comments?post=253"}],"wp:featuredmedia":[{"embeddable":true,"href":"https:\/\/unicopas.org.br\/biblioteca\/wp-json\/wp\/v2\/media\/426"}],"wp:attachment":[{"href":"https:\/\/unicopas.org.br\/biblioteca\/wp-json\/wp\/v2\/media?parent=253"}],"wp:term":[{"taxonomy":"product_cat","embeddable":true,"href":"https:\/\/unicopas.org.br\/biblioteca\/wp-json\/wp\/v2\/product_cat?post=253"},{"taxonomy":"product_tag","embeddable":true,"href":"https:\/\/unicopas.org.br\/biblioteca\/wp-json\/wp\/v2\/product_tag?post=253"}],"curies":[{"name":"wp","href":"https:\/\/api.w.org\/{rel}","templated":true}]}}