{"id":15,"date":"2022-01-17T18:26:10","date_gmt":"2022-01-17T21:26:10","guid":{"rendered":"https:\/\/unicopas.org.br\/unicopas\/biblioteca\/?post_type=product&#038;p=15"},"modified":"2026-03-13T05:17:16","modified_gmt":"2026-03-13T08:17:16","slug":"tempo-de-cuidar","status":"publish","type":"product","link":"https:\/\/unicopas.org.br\/biblioteca\/produto\/tempo-de-cuidar\/","title":{"rendered":"Tempo de Cuidar"},"content":{"rendered":"<p>A desigualdade econ\u00f4mica est\u00e1 fora de controle. Em 2019, os bilion\u00e1rios do mundo, que somam apenas 2.153 indiv\u00edduos, detinham mais riqueza do que 4,6 bilh\u00f5es de pessoas. Esse grande fosso baseia-se em um sistema econ\u00f4mico sexista e falho, que valoriza mais a riqueza de um grupo de poucos privilegiados, na sua maioria homens, do que bilh\u00f5es de horas dedicadas ao trabalho mais essencial &#8211; o do cuidado n\u00e3o remunerado e mal pago, prestado principalmente por mulheres e meninas em todo o mundo. As tarefas di\u00e1rias de cuidar de outras pessoas, cozinhar, limpar, buscar \u00e1gua e lenha s\u00e3o essenciais para o bem-estar de sociedades, comunidades e para o funcionamento da economia. A pesada e desigual responsabilidade por esse trabalho de cuidado perpetua as desigualdades de g\u00eanero e econ\u00f4mica.<\/p>\n<p>&nbsp;<\/p>\n","protected":false},"excerpt":{"rendered":"<p>O trabalho de cuidado n\u00e3o remunerado e mal pago e a crise global da desigualdade<\/p>\n","protected":false},"featured_media":461,"comment_status":"open","ping_status":"closed","template":"","meta":{"_coblocks_attr":"","_coblocks_dimensions":"","_coblocks_responsive_height":"","_coblocks_accordion_ie_support":"","site-sidebar-layout":"default","site-content-layout":"default","ast-global-header-display":"","ast-main-header-display":"","ast-hfb-above-header-display":"","ast-hfb-below-header-display":"","ast-hfb-mobile-header-display":"","site-post-title":"","ast-breadcrumbs-content":"","ast-featured-img":"","footer-sml-layout":"","theme-transparent-header-meta":"default","adv-header-id-meta":"","stick-header-meta":"","header-above-stick-meta":"","header-main-stick-meta":"","header-below-stick-meta":""},"product_cat":[18],"product_tag":[19],"class_list":["post-15","product","type-product","status-publish","has-post-thumbnail","hentry","product_cat-publi","product_tag-mulheres"],"_links":{"self":[{"href":"https:\/\/unicopas.org.br\/biblioteca\/wp-json\/wp\/v2\/product\/15","targetHints":{"allow":["GET"]}}],"collection":[{"href":"https:\/\/unicopas.org.br\/biblioteca\/wp-json\/wp\/v2\/product"}],"about":[{"href":"https:\/\/unicopas.org.br\/biblioteca\/wp-json\/wp\/v2\/types\/product"}],"replies":[{"embeddable":true,"href":"https:\/\/unicopas.org.br\/biblioteca\/wp-json\/wp\/v2\/comments?post=15"}],"wp:featuredmedia":[{"embeddable":true,"href":"https:\/\/unicopas.org.br\/biblioteca\/wp-json\/wp\/v2\/media\/461"}],"wp:attachment":[{"href":"https:\/\/unicopas.org.br\/biblioteca\/wp-json\/wp\/v2\/media?parent=15"}],"wp:term":[{"taxonomy":"product_cat","embeddable":true,"href":"https:\/\/unicopas.org.br\/biblioteca\/wp-json\/wp\/v2\/product_cat?post=15"},{"taxonomy":"product_tag","embeddable":true,"href":"https:\/\/unicopas.org.br\/biblioteca\/wp-json\/wp\/v2\/product_tag?post=15"}],"curies":[{"name":"wp","href":"https:\/\/api.w.org\/{rel}","templated":true}]}}