{"id":691,"date":"2022-03-21T21:36:57","date_gmt":"2022-03-22T00:36:57","guid":{"rendered":"https:\/\/unicopas.org.br\/unicopas\/biblioteca\/?page_id=691"},"modified":"2022-03-21T21:49:16","modified_gmt":"2022-03-22T00:49:16","slug":"cookie-policy","status":"publish","type":"page","link":"https:\/\/unicopas.org.br\/biblioteca\/cookie-policy\/","title":{"rendered":"Pol\u00edtica de Cookies"},"content":{"rendered":"\n<h1 class=\"wp-block-heading\">Sobre essa pol\u00edtica de cookies<\/h1>\n\n\n\n<p>Esta Pol\u00edtica de Cookies explica o que s\u00e3o cookies e como os usamos, os tipos de cookies que usamos, ou seja, as informa\u00e7\u00f5es que coletamos usando cookies e como essas informa\u00e7\u00f5es s\u00e3o usadas e como controlar as prefer\u00eancias dos cookies. Para obter mais informa\u00e7\u00f5es sobre como usamos, armazenamos e mantemos seus dados pessoais seguros, consulte nossa Pol\u00edtica de Privacidade.&nbsp;<\/p>\n\n\n\n<p>Voc\u00ea pode, a qualquer momento, alterar ou retirar seu consentimento da Declara\u00e7\u00e3o de Cookies em nosso site.&nbsp;<\/p>\n\n\n\n<p>Saiba mais sobre quem somos, como voc\u00ea pode entrar em contato conosco e como processamos dados pessoais em nossa&nbsp;<a href=\"https:\/\/unicopas.org.br\/institucional\/\">Pol\u00edtica de Privacidade<\/a>.&nbsp;Seu consentimento se aplica ao seguinte dom\u00ednio: unicopas.org.br&nbsp;<\/p>\n\n\n\n<h3 class=\"wp-block-heading\">O que s\u00e3o Cookies?<\/h3>\n\n\n\n<p>Cookies s\u00e3o pequenos arquivos de texto que s\u00e3o usados para armazenar pequenas informa\u00e7\u00f5es. Eles s\u00e3o armazenados em seu dispositivo quando o site \u00e9 carregado em seu navegador. Esses cookies nos ajudam a fazer o funcionamento do site corretamente, torn\u00e1-lo mais seguro, proporcionar melhor experi\u00eancia do usu\u00e1rio e entender como o site funciona e analisar o que funciona e onde ele precisa de melhorias.<\/p>\n\n\n\n<h3 class=\"wp-block-heading\">Como usamos cookies?<\/h3>\n\n\n\n<p>Como a maioria dos servi\u00e7os online, nosso site usa cookies de primeira e de terceiros para v\u00e1rios prop\u00f3sitos. Os cookies de primeira pessoa s\u00e3o necess\u00e1rios principalmente para que o site funcione da maneira correta, e eles n\u00e3o coletam nenhum dos seus dados pessoalmente identific\u00e1veis.<\/p>\n\n\n\n<p>Os cookies de terceiros usados em nosso site s\u00e3o principalmente para entender como o site funciona, como voc\u00ea interage com nosso site, manter nossos servi\u00e7os seguros, fornecer an\u00fancios relevantes para voc\u00ea, e tudo em tudo fornecendo-lhe uma melhor e melhorada experi\u00eancia do usu\u00e1rio e ajudar a acelerar suas intera\u00e7\u00f5es futuras com o nosso site.<\/p>\n\n\n\n<h3 class=\"wp-block-heading\">Que tipos de cookies usamos?<\/h3>\n\n\n\n<p>Essencial: Alguns cookies s\u00e3o essenciais para que voc\u00ea possa experimentar toda a funcionalidade do nosso site. Eles nos permitem manter as sess\u00f5es de usu\u00e1rio e evitar qualquer amea\u00e7a \u00e0 seguran\u00e7a. Eles n\u00e3o coletam ou armazenam qualquer informa\u00e7\u00e3o pessoal. Por exemplo, esses cookies permitem que voc\u00ea fa\u00e7a login na sua conta e adicione produtos \u00e0 sua cesta e fa\u00e7a o check-out com seguran\u00e7a.&nbsp;<\/p>\n\n\n\n<p><strong>Estat\u00edsticas<\/strong>: Esses cookies armazenam informa\u00e7\u00f5es como o n\u00famero de visitantes no site, o n\u00famero de visitantes \u00fanicos, quais p\u00e1ginas do site foram visitadas, a fonte da visita, etc. Esses dados nos ajudam a entender e analisar o desempenho do site e onde ele precisa de melhorias.<\/p>\n\n\n\n<p><strong>Marketing<\/strong>: Nosso site exibe an\u00fancios. Esses cookies s\u00e3o usados para personalizar os an\u00fancios que mostramos para voc\u00ea para que sejam significativos para voc\u00ea. Esses cookies tamb\u00e9m nos ajudam a acompanhar a efici\u00eancia dessas campanhas de an\u00fancios. As informa\u00e7\u00f5es armazenadas nesses cookies tamb\u00e9m podem ser usadas pelos provedores de an\u00fancios de terceiros para mostrar an\u00fancios em outros sites do navegador tamb\u00e9m.<\/p>\n\n\n\n<p><strong>Funcional<\/strong>: Estes s\u00e3o os cookies que ajudam certas funcionalidades n\u00e3o essenciais em nosso site. Essas funcionalidades incluem incorporar conte\u00fado como v\u00eddeos ou compartilhar conte\u00fado do site em plataformas de m\u00eddia social.<\/p>\n\n\n\n<p><strong>Prefer\u00eancias<\/strong>: Esses cookies nos ajudam a armazenar suas configura\u00e7\u00f5es e prefer\u00eancias de navega\u00e7\u00e3o, como prefer\u00eancias de idioma, para que voc\u00ea tenha uma experi\u00eancia melhor e eficiente em futuras visitas ao site.<\/p>\n\n\n\n<h3 class=\"wp-block-heading\">Como posso controlar as prefer\u00eancias dos cookies?<\/h3>\n\n\n\n<p>Caso voc\u00ea decida alterar suas prefer\u00eancias mais tarde atrav\u00e9s de sua sess\u00e3o de navega\u00e7\u00e3o, voc\u00ea pode clicar na guia &#8220;Pol\u00edtica de Privacidade &amp; Cookies&#8221; na sua tela. Isso exibir\u00e1 o aviso de consentimento novamente permitindo que voc\u00ea altere suas prefer\u00eancias ou retire seu consentimento inteiramente.&nbsp;<\/p>\n\n\n\n<p>Al\u00e9m disso, diferentes navegadores fornecem diferentes m\u00e9todos para bloquear e excluir cookies usados por sites. Voc\u00ea pode alterar as configura\u00e7\u00f5es do seu navegador para bloquear\/excluir os cookies. Para saber mais sobre como gerenciar e excluir cookies, visite&nbsp;<a href=\"https:\/\/pt.wikipedia.org\/wiki\/Cookie_(inform%C3%A1tica)\">wikipedia.org<\/a>.<\/p>\n","protected":false},"excerpt":{"rendered":"<p>Sobre essa pol\u00edtica de cookies Esta Pol\u00edtica de Cookies explica o que s\u00e3o cookies e como os usamos, os tipos de cookies que usamos, ou seja, as informa\u00e7\u00f5es que coletamos usando cookies e como essas informa\u00e7\u00f5es s\u00e3o usadas e como controlar as prefer\u00eancias dos cookies. Para obter mais informa\u00e7\u00f5es sobre como usamos, armazenamos e mantemos &hellip;<\/p>\n<p class=\"read-more\"> <a class=\"\" href=\"https:\/\/unicopas.org.br\/biblioteca\/cookie-policy\/\"> <span class=\"screen-reader-text\">Pol\u00edtica de Cookies<\/span> Leia mais &raquo;<\/a><\/p>\n","protected":false},"author":6,"featured_media":0,"parent":0,"menu_order":0,"comment_status":"closed","ping_status":"closed","template":"","meta":{"_coblocks_attr":"","_coblocks_dimensions":"","_coblocks_responsive_height":"","_coblocks_accordion_ie_support":"","site-sidebar-layout":"default","site-content-layout":"plain-container","ast-global-header-display":"","ast-main-header-display":"","ast-hfb-above-header-display":"","ast-hfb-below-header-display":"","ast-hfb-mobile-header-display":"","site-post-title":"disabled","ast-breadcrumbs-content":"disabled","ast-featured-img":"","footer-sml-layout":"","theme-transparent-header-meta":"disabled","adv-header-id-meta":null,"stick-header-meta":null,"header-above-stick-meta":null,"header-main-stick-meta":null,"header-below-stick-meta":null,"footnotes":""},"class_list":["post-691","page","type-page","status-publish","hentry"],"_links":{"self":[{"href":"https:\/\/unicopas.org.br\/biblioteca\/wp-json\/wp\/v2\/pages\/691","targetHints":{"allow":["GET"]}}],"collection":[{"href":"https:\/\/unicopas.org.br\/biblioteca\/wp-json\/wp\/v2\/pages"}],"about":[{"href":"https:\/\/unicopas.org.br\/biblioteca\/wp-json\/wp\/v2\/types\/page"}],"author":[{"embeddable":true,"href":"https:\/\/unicopas.org.br\/biblioteca\/wp-json\/wp\/v2\/users\/6"}],"replies":[{"embeddable":true,"href":"https:\/\/unicopas.org.br\/biblioteca\/wp-json\/wp\/v2\/comments?post=691"}],"version-history":[{"count":10,"href":"https:\/\/unicopas.org.br\/biblioteca\/wp-json\/wp\/v2\/pages\/691\/revisions"}],"predecessor-version":[{"id":703,"href":"https:\/\/unicopas.org.br\/biblioteca\/wp-json\/wp\/v2\/pages\/691\/revisions\/703"}],"wp:attachment":[{"href":"https:\/\/unicopas.org.br\/biblioteca\/wp-json\/wp\/v2\/media?parent=691"}],"curies":[{"name":"wp","href":"https:\/\/api.w.org\/{rel}","templated":true}]}}